{"id":96011,"date":"2021-01-29T17:10:31","date_gmt":"2021-01-30T00:10:31","guid":{"rendered":"https:\/\/64fellowship.com\/connexion\/"},"modified":"2024-01-29T10:26:45","modified_gmt":"2024-01-29T17:26:45","slug":"connexion","status":"publish","type":"page","link":"https:\/\/64fellowship.com\/fr\/connexion\/","title":{"rendered":"Connexion"},"content":{"rendered":"\t\t<div data-elementor-type=\"wp-page\" data-elementor-id=\"96011\" class=\"elementor elementor-96011 elementor-8\" data-elementor-post-type=\"page\">\n\t\t\t\t\t\t<section class=\"elementor-section elementor-top-section elementor-element elementor-element-a1236f2 elementor-section-full_width elementor-section-height-default elementor-section-height-default\" data-id=\"a1236f2\" data-element_type=\"section\" data-e-type=\"section\">\n\t\t\t\t\t\t<div class=\"elementor-container elementor-column-gap-default\">\n\t\t\t\t\t<div class=\"elementor-column elementor-col-100 elementor-top-column elementor-element elementor-element-9d655a8\" data-id=\"9d655a8\" data-element_type=\"column\" data-e-type=\"column\">\n\t\t\t<div class=\"elementor-widget-wrap elementor-element-populated\">\n\t\t\t\t\t\t<div class=\"elementor-element elementor-element-9a5ab7b elementor-widget elementor-widget-template\" data-id=\"9a5ab7b\" data-element_type=\"widget\" data-e-type=\"widget\" data-widget_type=\"template.default\">\n\t\t\t\t<div class=\"elementor-widget-container\">\n\t\t\t\t\t\t\t<div class=\"elementor-template\">\n\t\t\t\t\t<div data-elementor-type=\"section\" data-elementor-id=\"97846\" class=\"elementor elementor-97846 elementor-7378 elementor-7378\" data-elementor-post-type=\"elementor_library\">\n\t\t\t\t\t<section class=\"elementor-section elementor-top-section elementor-element elementor-element-2aebb4f elementor-section-full_width login-template elementor-section-height-default elementor-section-height-default\" data-id=\"2aebb4f\" data-element_type=\"section\" data-e-type=\"section\" data-settings=\"{&quot;background_background&quot;:&quot;classic&quot;}\">\n\t\t\t\t\t\t\t<div class=\"elementor-background-overlay\"><\/div>\n\t\t\t\t\t\t\t<div class=\"elementor-container elementor-column-gap-default\">\n\t\t\t\t\t<div class=\"elementor-column elementor-col-100 elementor-top-column elementor-element elementor-element-fb9c557\" data-id=\"fb9c557\" data-element_type=\"column\" data-e-type=\"column\">\n\t\t\t<div class=\"elementor-widget-wrap elementor-element-populated\">\n\t\t\t\t\t\t<section class=\"elementor-section elementor-inner-section elementor-element elementor-element-5771e5a sp-t-250 elementor-section-boxed elementor-section-height-default elementor-section-height-default\" data-id=\"5771e5a\" data-element_type=\"section\" data-e-type=\"section\">\n\t\t\t\t\t\t\t<div class=\"elementor-background-overlay\"><\/div>\n\t\t\t\t\t\t\t<div class=\"elementor-container elementor-column-gap-default\">\n\t\t\t\t\t<div class=\"elementor-column elementor-col-100 elementor-inner-column elementor-element elementor-element-6643ca9\" data-id=\"6643ca9\" data-element_type=\"column\" data-e-type=\"column\">\n\t\t\t<div class=\"elementor-widget-wrap elementor-element-populated\">\n\t\t\t\t\t\t<div class=\"elementor-element elementor-element-53af8f5 elementor-widget elementor-widget-heading\" data-id=\"53af8f5\" data-element_type=\"widget\" data-e-type=\"widget\" data-widget_type=\"heading.default\">\n\t\t\t\t<div class=\"elementor-widget-container\">\n\t\t\t\t\t<h1 class=\"elementor-heading-title elementor-size-default\">Connexion<\/h1>\t\t\t\t<\/div>\n\t\t\t\t<\/div>\n\t\t\t\t<div class=\"elementor-element elementor-element-d5e2a3a m-b-md mw-500 elementor-widget elementor-widget-text-editor\" data-id=\"d5e2a3a\" data-element_type=\"widget\" data-e-type=\"widget\" data-widget_type=\"text-editor.default\">\n\t\t\t\t<div class=\"elementor-widget-container\">\n\t\t\t\t\t\t\t\t\t<p>Connectez-vous pour acc\u00e9der au contenu de la fraternit\u00e9 6:4 ou <a href=\"https:\/\/64fellowship.com\/?page_id=381\">inscrivez-vous<\/a> gratuitement !<\/p>\n\t\t\t\t\t\t\t\t<\/div>\n\t\t\t\t<\/div>\n\t\t\t\t\t<\/div>\n\t\t<\/div>\n\t\t\t\t\t<\/div>\n\t\t<\/section>\n\t\t\t\t<section class=\"elementor-section elementor-inner-section elementor-element elementor-element-be4dd0d elementor-section-boxed elementor-section-height-default elementor-section-height-default\" data-id=\"be4dd0d\" data-element_type=\"section\" data-e-type=\"section\">\n\t\t\t\t\t\t<div class=\"elementor-container elementor-column-gap-default\">\n\t\t\t\t\t<div class=\"elementor-column elementor-col-100 elementor-inner-column elementor-element elementor-element-a90b983 cp-tb-lg cp-lr-xl shadow-xxl mw-650\" data-id=\"a90b983\" data-element_type=\"column\" data-e-type=\"column\" data-settings=\"{&quot;background_background&quot;:&quot;classic&quot;}\">\n\t\t\t<div class=\"elementor-widget-wrap elementor-element-populated\">\n\t\t\t\t\t\t<div class=\"elementor-element elementor-element-9f88492 elementor-widget elementor-widget-shortcode\" data-id=\"9f88492\" data-element_type=\"widget\" data-e-type=\"widget\" data-widget_type=\"shortcode.default\">\n\t\t\t\t<div class=\"elementor-widget-container\">\n\t\t\t\t\t\t\t<div class=\"elementor-shortcode\">\n<div class=\"mp_wrapper mp_login_form\">\n                  <!-- mp-login-form-start -->     <form name=\"mepr_loginform\" id=\"mepr_loginform\" class=\"mepr-form\" action=\"https:\/\/64fellowship.com\/login\/\" method=\"post\">\n            <div class=\"mp-form-row mepr_username\">\n        <div class=\"mp-form-label\">\n                              <label for=\"user_login\">Nom d&#039;utilisateur ou adresse de messagerie.<\/label>\n        <\/div>\n        <input type=\"text\" name=\"log\" id=\"user_login\" value=\"\" \/>\n      <\/div>\n      <div class=\"mp-form-row mepr_password\">\n        <div class=\"mp-form-label\">\n          <label for=\"user_pass\">Mot de passe<\/label>\n          <div class=\"mp-hide-pw\">\n            <input type=\"password\" name=\"pwd\" id=\"user_pass\" value=\"\" \/>\n            <button type=\"button\" class=\"button mp-hide-pw hide-if-no-js\" data-toggle=\"0\" aria-label=\"Afficher le mot de passe\">\n              <span class=\"dashicons dashicons-visibility\" aria-hidden=\"true\"><\/span>\n            <\/button>\n          <\/div>\n        <\/div>\n      <\/div>\n            <div>\n        <label><input name=\"rememberme\" type=\"checkbox\" id=\"rememberme\" value=\"forever\" \/> Se souvenir de moi<\/label>\n      <\/div>\n      <div class=\"mp-spacer\">&nbsp;<\/div>\n      <div class=\"submit\">\n        <input type=\"submit\" name=\"wp-submit\" id=\"wp-submit\" class=\"button-primary mepr-share-button \" value=\"Se connecter\" \/>\n        <input type=\"hidden\" name=\"redirect_to\" value=\"\/fr\/wp-json\/wp\/v2\/pages\/96011\" \/>\n        <input type=\"hidden\" name=\"mepr_process_login_form\" value=\"true\" \/>\n        <input type=\"hidden\" name=\"mepr_is_login_page\" value=\"false\" \/>\n      <\/div>\n    <\/form>\n    <div class=\"mp-spacer\">&nbsp;<\/div>\n    <div class=\"mepr-login-actions\">\n        <a\n          href=\"https:\/\/64fellowship.com\/login\/?action=forgot_password\"\n          title=\"Click here to reset your password\"\n        >\n          Mot de passe oubli\u00e9        <\/a>\n    <\/div>\n\n      \n    <!-- mp-login-form-end --> \n  <\/div>\n<\/div>\n\t\t\t\t\t\t<\/div>\n\t\t\t\t<\/div>\n\t\t\t\t\t<\/div>\n\t\t<\/div>\n\t\t\t\t\t<\/div>\n\t\t<\/section>\n\t\t\t\t\t<\/div>\n\t\t<\/div>\n\t\t\t\t\t<\/div>\n\t\t<\/section>\n\t\t\t\t<\/div>\n\t\t\t\t<\/div>\n\t\t\t\t\t\t<\/div>\n\t\t\t\t<\/div>\n\t\t\t\t\t<\/div>\n\t\t<\/div>\n\t\t\t\t\t<\/div>\n\t\t<\/section>\n\t\t\t\t<\/div>\n\t\t","protected":false},"excerpt":{"rendered":"","protected":false},"author":2,"featured_media":0,"parent":0,"menu_order":19,"comment_status":"closed","ping_status":"closed","template":"","meta":{"_acf_changed":false,"_seopress_robots_primary_cat":"","_seopress_titles_title":"Connexion des membres | 6:4 Fellowship  ","_seopress_titles_desc":"Connectez-vous pour acc\u00e9der au contenu de la fraternit\u00e9 6:4 ou inscrivez-vous gratuitement ! La Communaut\u00e9 6:4 est un r\u00e9seau international de pasteurs engag\u00e9s dans la pri\u00e8re et le minist\u00e8re de la parole.","_seopress_robots_index":"oui","inline_featured_image":false,"footnotes":""},"access_level":[],"class_list":["post-96011","page","type-page","status-publish","hentry"],"acf":[],"_links":{"self":[{"href":"https:\/\/64fellowship.com\/fr\/wp-json\/wp\/v2\/pages\/96011","targetHints":{"allow":["GET"]}}],"collection":[{"href":"https:\/\/64fellowship.com\/fr\/wp-json\/wp\/v2\/pages"}],"about":[{"href":"https:\/\/64fellowship.com\/fr\/wp-json\/wp\/v2\/types\/page"}],"author":[{"embeddable":true,"href":"https:\/\/64fellowship.com\/fr\/wp-json\/wp\/v2\/users\/2"}],"replies":[{"embeddable":true,"href":"https:\/\/64fellowship.com\/fr\/wp-json\/wp\/v2\/comments?post=96011"}],"version-history":[{"count":0,"href":"https:\/\/64fellowship.com\/fr\/wp-json\/wp\/v2\/pages\/96011\/revisions"}],"wp:attachment":[{"href":"https:\/\/64fellowship.com\/fr\/wp-json\/wp\/v2\/media?parent=96011"}],"wp:term":[{"taxonomy":"access_level","embeddable":true,"href":"https:\/\/64fellowship.com\/fr\/wp-json\/wp\/v2\/access_level?post=96011"}],"curies":[{"name":"wp","href":"https:\/\/api.w.org\/{rel}","templated":true}]}}