{"id":95188,"date":"2024-01-25T13:29:53","date_gmt":"2024-01-25T20:29:53","guid":{"rendered":"https:\/\/64fellowship.com\/?page_id=95188"},"modified":"2025-08-22T15:31:03","modified_gmt":"2025-08-22T21:31:03","slug":"evenements","status":"publish","type":"page","link":"https:\/\/64fellowship.com\/fr\/evenements\/","title":{"rendered":"Ev\u00e9nements"},"content":{"rendered":"\t\t<div data-elementor-type=\"wp-page\" data-elementor-id=\"95188\" class=\"elementor elementor-95188\" data-elementor-post-type=\"page\">\n\t\t\t\t\t\t<section class=\"elementor-section elementor-top-section elementor-element elementor-element-4448c3a sp-t-250 elementor-section-boxed elementor-section-height-default elementor-section-height-default\" data-id=\"4448c3a\" data-element_type=\"section\" data-e-type=\"section\" data-settings=\"{&quot;background_background&quot;:&quot;classic&quot;}\">\n\t\t\t\t\t\t\t<div class=\"elementor-background-overlay\"><\/div>\n\t\t\t\t\t\t\t<div class=\"elementor-container elementor-column-gap-default\">\n\t\t\t\t\t<div class=\"elementor-column elementor-col-100 elementor-top-column elementor-element elementor-element-4cd7a13\" data-id=\"4cd7a13\" data-element_type=\"column\" data-e-type=\"column\">\n\t\t\t<div class=\"elementor-widget-wrap elementor-element-populated\">\n\t\t\t\t\t\t<div class=\"elementor-element elementor-element-656384a elementor-widget elementor-widget-heading\" data-id=\"656384a\" data-element_type=\"widget\" data-e-type=\"widget\" data-widget_type=\"heading.default\">\n\t\t\t\t<div class=\"elementor-widget-container\">\n\t\t\t\t\t<h1 class=\"elementor-heading-title elementor-size-default\">Ev\u00e9nements<\/h1>\t\t\t\t<\/div>\n\t\t\t\t<\/div>\n\t\t\t\t<div class=\"elementor-element elementor-element-53d5971 elementor-widget elementor-widget-text-editor\" data-id=\"53d5971\" data-element_type=\"widget\" data-e-type=\"widget\" data-widget_type=\"text-editor.default\">\n\t\t\t\t<div class=\"elementor-widget-container\">\n\t\t\t\t\t\t\t\t\tConnectez-vous avec des leaders partageant les m\u00eames id\u00e9es et \u00e9quipez-vous puissamment <\/br>lors des r\u00e9unions r\u00e9gionales, nationales et internationales.\t\t\t\t\t\t\t\t<\/div>\n\t\t\t\t<\/div>\n\t\t\t\t<div class=\"elementor-element elementor-element-6ff1bd9 elementor-widget elementor-widget-spacer\" data-id=\"6ff1bd9\" data-element_type=\"widget\" data-e-type=\"widget\" data-widget_type=\"spacer.default\">\n\t\t\t\t<div class=\"elementor-widget-container\">\n\t\t\t\t\t\t\t<div class=\"elementor-spacer\">\n\t\t\t<div class=\"elementor-spacer-inner\"><\/div>\n\t\t<\/div>\n\t\t\t\t\t\t<\/div>\n\t\t\t\t<\/div>\n\t\t\t\t\t<\/div>\n\t\t<\/div>\n\t\t\t\t\t<\/div>\n\t\t<\/section>\n\t\t\t\t<section class=\"elementor-section elementor-top-section elementor-element elementor-element-20b68d9 sp-t-25 elementor-section-boxed elementor-section-height-default elementor-section-height-default\" data-id=\"20b68d9\" data-element_type=\"section\" data-e-type=\"section\" data-settings=\"{&quot;background_background&quot;:&quot;classic&quot;}\">\n\t\t\t\t\t\t\t<div class=\"elementor-background-overlay\"><\/div>\n\t\t\t\t\t\t\t<div class=\"elementor-container elementor-column-gap-default\">\n\t\t\t\t\t<div class=\"elementor-column elementor-col-100 elementor-top-column elementor-element elementor-element-daee2dc\" data-id=\"daee2dc\" data-element_type=\"column\" data-e-type=\"column\">\n\t\t\t<div class=\"elementor-widget-wrap elementor-element-populated\">\n\t\t\t\t\t\t<section class=\"elementor-section elementor-inner-section elementor-element elementor-element-047d81f elementor-section-boxed elementor-section-height-default elementor-section-height-default\" data-id=\"047d81f\" data-element_type=\"section\" data-e-type=\"section\">\n\t\t\t\t\t\t<div class=\"elementor-container elementor-column-gap-default\">\n\t\t\t\t\t<div class=\"elementor-column elementor-col-100 elementor-inner-column elementor-element elementor-element-9c145b6\" data-id=\"9c145b6\" data-element_type=\"column\" data-e-type=\"column\">\n\t\t\t<div class=\"elementor-widget-wrap elementor-element-populated\">\n\t\t\t\t\t\t<div class=\"elementor-element elementor-element-2d978d2 elementor-widget elementor-widget-spacer\" data-id=\"2d978d2\" data-element_type=\"widget\" data-e-type=\"widget\" data-widget_type=\"spacer.default\">\n\t\t\t\t<div class=\"elementor-widget-container\">\n\t\t\t\t\t\t\t<div class=\"elementor-spacer\">\n\t\t\t<div class=\"elementor-spacer-inner\"><\/div>\n\t\t<\/div>\n\t\t\t\t\t\t<\/div>\n\t\t\t\t<\/div>\n\t\t\t\t<div class=\"elementor-element elementor-element-5bb2377 elementor-widget elementor-widget-heading\" data-id=\"5bb2377\" data-element_type=\"widget\" data-e-type=\"widget\" data-widget_type=\"heading.default\">\n\t\t\t\t<div class=\"elementor-widget-container\">\n\t\t\t\t\t<h2 class=\"elementor-heading-title elementor-size-default\">\u00c9v\u00e9nements internationaux<\/h2>\t\t\t\t<\/div>\n\t\t\t\t<\/div>\n\t\t\t\t<div class=\"elementor-element elementor-element-d1ea438 ee-grid-columns-1 ee-grid-columns-tablet-1 ee-grid-columns-mobile-1 ee-grid-align--stretch ee-grid-halign--left ee-posts-avatar-position-left elementor-widget elementor-widget-posts-extra\" data-id=\"d1ea438\" data-element_type=\"widget\" data-e-type=\"widget\" data-settings=\"{&quot;classic_grid_columns_spacing&quot;:{&quot;unit&quot;:&quot;px&quot;,&quot;size&quot;:20,&quot;sizes&quot;:[]},&quot;columns&quot;:&quot;1&quot;,&quot;columns_tablet&quot;:&quot;1&quot;,&quot;columns_mobile&quot;:&quot;1&quot;,&quot;classic_grid_columns_spacing_tablet&quot;:{&quot;unit&quot;:&quot;px&quot;,&quot;size&quot;:12,&quot;sizes&quot;:[]},&quot;classic_grid_columns_spacing_mobile&quot;:{&quot;unit&quot;:&quot;px&quot;,&quot;size&quot;:0,&quot;sizes&quot;:[]}}\" data-widget_type=\"posts-extra.classic\">\n\t\t\t\t<div class=\"elementor-widget-container\">\n\t\t\t\t\t<div class=\"ee-posts__nothing-found\">Actuellement, aucun \u00e9v\u00e9nement n'est pr\u00e9vu dans cette cat\u00e9gorie. Revenez bient\u00f4t !<\/div>\t\t\t\t<\/div>\n\t\t\t\t<\/div>\n\t\t\t\t\t<\/div>\n\t\t<\/div>\n\t\t\t\t\t<\/div>\n\t\t<\/section>\n\t\t\t\t<section class=\"elementor-section elementor-inner-section elementor-element elementor-element-cffce6e elementor-section-boxed elementor-section-height-default elementor-section-height-default\" data-id=\"cffce6e\" data-element_type=\"section\" data-e-type=\"section\">\n\t\t\t\t\t\t<div class=\"elementor-container elementor-column-gap-default\">\n\t\t\t\t\t<div class=\"elementor-column elementor-col-100 elementor-inner-column elementor-element elementor-element-4a95783\" data-id=\"4a95783\" data-element_type=\"column\" data-e-type=\"column\">\n\t\t\t<div class=\"elementor-widget-wrap elementor-element-populated\">\n\t\t\t\t\t\t<div class=\"elementor-element elementor-element-f0e9bbe elementor-widget elementor-widget-heading\" data-id=\"f0e9bbe\" data-element_type=\"widget\" data-e-type=\"widget\" data-widget_type=\"heading.default\">\n\t\t\t\t<div class=\"elementor-widget-container\">\n\t\t\t\t\t<h2 class=\"elementor-heading-title elementor-size-default\">\u00c9v\u00e9nements r\u00e9gionaux<\/h2>\t\t\t\t<\/div>\n\t\t\t\t<\/div>\n\t\t\t\t<div class=\"elementor-element elementor-element-6f72cf9 ee-grid-columns-1 ee-grid-columns-tablet-1 ee-grid-columns-mobile-1 ee-grid-align--stretch ee-grid-halign--left ee-posts-avatar-position-left elementor-widget elementor-widget-posts-extra\" data-id=\"6f72cf9\" data-element_type=\"widget\" data-e-type=\"widget\" data-settings=\"{&quot;classic_grid_columns_spacing&quot;:{&quot;unit&quot;:&quot;px&quot;,&quot;size&quot;:20,&quot;sizes&quot;:[]},&quot;columns&quot;:&quot;1&quot;,&quot;columns_tablet&quot;:&quot;1&quot;,&quot;columns_mobile&quot;:&quot;1&quot;,&quot;classic_grid_columns_spacing_tablet&quot;:{&quot;unit&quot;:&quot;px&quot;,&quot;size&quot;:12,&quot;sizes&quot;:[]},&quot;classic_grid_columns_spacing_mobile&quot;:{&quot;unit&quot;:&quot;px&quot;,&quot;size&quot;:0,&quot;sizes&quot;:[]}}\" data-widget_type=\"posts-extra.classic\">\n\t\t\t\t<div class=\"elementor-widget-container\">\n\t\t\t\t\t<div class=\"ee-grid ee-loop ee-grid--default\"><div class=\"ee-grid__item--sizer\"><\/div><div class=\"ee-grid__item ee-loop__item\"><article class=\"ee-post post-120187 events type-events status-publish has-post-thumbnail hentry event_type-french event_type-international region-quebec\"><div class=\"elementor-template\"><style>.elementor-1850 .elementor-element.elementor-element-1fb9ed9 > .elementor-container > .elementor-column > .elementor-widget-wrap{align-content:center;align-items:center;}.elementor-1850 .elementor-element.elementor-element-1fb9ed9:not(.elementor-motion-effects-element-type-background), .elementor-1850 .elementor-element.elementor-element-1fb9ed9 > .elementor-motion-effects-container > .elementor-motion-effects-layer{background-color:transparent;background-image:linear-gradient(135deg, #FFFFFF1C 25%, #FFFFFFC4 100%);}.elementor-1850 .elementor-element.elementor-element-1fb9ed9 > .elementor-background-overlay{background-image:url(\"https:\/\/64fellowship.com\/wp-content\/uploads\/texture.svg\");background-size:cover;opacity:0.06;transition:background 0.3s, border-radius 0.3s, opacity 0.3s;}.elementor-1850 .elementor-element.elementor-element-1fb9ed9{transition:background 0.3s, border 0.3s, border-radius 0.3s, box-shadow 0.3s;padding:10px 10px 10px 10px;}.elementor-1850 .elementor-element.elementor-element-7ba169f img{width:100%;}.ee-tooltip.ee-tooltip-7ba169f.to--top,\n\t\t\t\t\t\t\t .ee-tooltip.ee-tooltip-7ba169f.to--bottom{margin-left:0px;}.ee-tooltip.ee-tooltip-7ba169f.to--left,\n\t\t\t\t\t\t\t .ee-tooltip.ee-tooltip-7ba169f.to--right{margin-top:0px;}.elementor-1850 .elementor-element.elementor-element-10be163{text-align:start;}.elementor-1850 .elementor-element.elementor-element-10be163 .elementor-heading-title{font-family:\"proxima-nova\", Sans-serif;font-size:1.3rem;}.elementor-1850 .elementor-element.elementor-element-10be163 > .elementor-widget-container{margin:0px 0px 0px 0px;}.elementor-1850 .elementor-element.elementor-element-fecc4a0{text-align:start;width:auto;max-width:auto;}.elementor-1850 .elementor-element.elementor-element-fecc4a0 > .elementor-widget-container{margin:0px 0px 0px 0px;}.elementor-1850 .elementor-element.elementor-element-a17f85a{text-align:start;width:auto;max-width:auto;}.elementor-1850 .elementor-element.elementor-element-a17f85a > .elementor-widget-container{margin:0px 0px 0px 5px;}@media(min-width:768px){.elementor-1850 .elementor-element.elementor-element-6266c63{width:25%;}.elementor-1850 .elementor-element.elementor-element-97a184c{width:75%;}}@media(max-width:767px){.elementor-1850 .elementor-element.elementor-element-1fb9ed9{padding:8px 8px 8px 8px;}.elementor-1850 .elementor-element.elementor-element-10be163 .elementor-heading-title{font-size:1.2rem;}.elementor-1850 .elementor-element.elementor-element-10be163 > .elementor-widget-container{margin:10px 0px 5px 10px;}.elementor-1850 .elementor-element.elementor-element-fecc4a0 > .elementor-widget-container{margin:0px 0px 0px 10px;}.elementor-1850 .elementor-element.elementor-element-a17f85a > .elementor-widget-container{margin:0px 0px 0px 10px;}.elementor-1850 .elementor-element.elementor-element-94697f2 > .elementor-widget-container{margin:10px 0px 5px 10px;}}<\/style><link rel=\"stylesheet\" type=\"text\/css\" href=\"https:\/\/use.typekit.net\/amb7jeq.css\">\t\t<div data-elementor-type=\"section\" data-elementor-id=\"1850\" class=\"elementor elementor-1850\" data-elementor-post-type=\"elementor_library\">\n\t\t\t\t\t<section data-ee-template-widget-id=\"1fb9ed9-120187\" class=\"elementor-ee-element-1fb9ed9-120187 elementor-section elementor-top-section elementor-element elementor-element-1fb9ed9 elementor-section-full_width mw-1000 clickable elementor-section-content-middle elementor-section-height-default elementor-section-height-default\" data-id=\"1fb9ed9\" data-element_type=\"section\" data-e-type=\"section\" data-settings=\"{&quot;background_background&quot;:&quot;gradient&quot;}\">\n\t\t\t\t\t\t\t<div class=\"elementor-background-overlay\"><\/div>\n\t\t\t\t\t\t\t<div class=\"elementor-container elementor-column-gap-default\">\n\t\t\t\t\t<div data-ee-template-widget-id=\"6266c63-120187\" class=\"elementor-ee-element-6266c63-120187 elementor-column elementor-col-50 elementor-top-column elementor-element elementor-element-6266c63\" data-id=\"6266c63\" data-element_type=\"column\" data-e-type=\"column\">\n\t\t\t<div class=\"elementor-widget-wrap elementor-element-populated\">\n\t\t\t\t\t\t<div data-ee-template-widget-id=\"7ba169f-120187\" class=\"elementor-ee-element-7ba169f-120187 elementor-element elementor-element-7ba169f shadow-xl elementor-widget elementor-widget-theme-post-featured-image elementor-widget-image\" data-id=\"7ba169f\" data-element_type=\"widget\" data-e-type=\"widget\" data-widget_type=\"theme-post-featured-image.default\">\n\t\t\t\t<div class=\"elementor-widget-container\">\n\t\t\t\t\t\t\t\t\t\t\t\t\t\t\t\t<a href=\"https:\/\/64fellowship.com\/fr\/events\/conference-focus-priere\/\">\n\t\t\t\t\t\t\t<img fetchpriority=\"high\" decoding=\"async\" width=\"1000\" height=\"1000\" src=\"https:\/\/64fellowship.com\/wp-content\/uploads\/2025\/08\/2025_French_RECLAIM_Conference_Focus_Priere-Square_web-1000x1000.jpg\" class=\"elementor-animation-grow attachment-cairn-square size-cairn-square wp-image-120193\" alt=\"circle of people praying\" srcset=\"https:\/\/64fellowship.com\/wp-content\/uploads\/2025\/08\/2025_French_RECLAIM_Conference_Focus_Priere-Square_web-1000x1000.jpg 1000w, https:\/\/64fellowship.com\/wp-content\/uploads\/2025\/08\/2025_French_RECLAIM_Conference_Focus_Priere-Square_web-750x750.jpg 750w, https:\/\/64fellowship.com\/wp-content\/uploads\/2025\/08\/2025_French_RECLAIM_Conference_Focus_Priere-Square_web-500x500.jpg 500w, https:\/\/64fellowship.com\/wp-content\/uploads\/2025\/08\/2025_French_RECLAIM_Conference_Focus_Priere-Square_web-768x768.jpg 768w, https:\/\/64fellowship.com\/wp-content\/uploads\/2025\/08\/2025_French_RECLAIM_Conference_Focus_Priere-Square_web.jpg 1080w\" sizes=\"(max-width: 1000px) 100vw, 1000px\" \/>\t\t\t\t\t\t\t\t<\/a>\n\t\t\t\t\t\t\t\t\t\t\t\t\t\t\t<\/div>\n\t\t\t\t<\/div>\n\t\t\t\t\t<\/div>\n\t\t<\/div>\n\t\t\t\t<div data-ee-template-widget-id=\"97a184c-120187\" class=\"elementor-ee-element-97a184c-120187 elementor-column elementor-col-50 elementor-top-column elementor-element elementor-element-97a184c\" data-id=\"97a184c\" data-element_type=\"column\" data-e-type=\"column\">\n\t\t\t<div class=\"elementor-widget-wrap elementor-element-populated\">\n\t\t\t\t\t\t<div data-ee-template-widget-id=\"10be163-120187\" class=\"elementor-ee-element-10be163-120187 elementor-element elementor-element-10be163 elementor-widget elementor-widget-heading\" data-id=\"10be163\" data-element_type=\"widget\" data-e-type=\"widget\" data-widget_type=\"heading.default\">\n\t\t\t\t<div class=\"elementor-widget-container\">\n\t\t\t\t\t<h3 class=\"elementor-heading-title elementor-size-default\"><a href=\"https:\/\/64fellowship.com\/fr\/events\/conference-focus-priere\/\">Conf\u00e9rence Focus Pri\u00e8re<\/a><\/h3>\t\t\t\t<\/div>\n\t\t\t\t<\/div>\n\t\t\t\t<div data-ee-template-widget-id=\"fecc4a0-120187\" class=\"elementor-ee-element-fecc4a0-120187 elementor-element elementor-element-fecc4a0 txt-small italic elementor-widget__width-auto elementor-widget elementor-widget-text-editor\" data-id=\"fecc4a0\" data-element_type=\"widget\" data-e-type=\"widget\" data-widget_type=\"text-editor.default\">\n\t\t\t\t<div class=\"elementor-widget-container\">\n\t\t\t\t\t\t\t\t\toctobre 1, 2025\t\t\t\t\t\t\t\t<\/div>\n\t\t\t\t<\/div>\n\t\t\t\t<div data-ee-template-widget-id=\"94697f2-120187\" class=\"elementor-ee-element-94697f2-120187 elementor-element elementor-element-94697f2 m-t-sm elementor-widget elementor-widget-text-editor\" data-id=\"94697f2\" data-element_type=\"widget\" data-e-type=\"widget\" data-widget_type=\"text-editor.default\">\n\t\t\t\t<div class=\"elementor-widget-container\">\n\t\t\t\t\t\t\t\t\tLe R\u00e9seau \u00c9vang\u00e9lique du Qu\u00e9bec vous invite \u00e0 une journ\u00e9e de ressourcement pour pasteurs, ouvriers et leaders, hommes et femmes.\n\nL\u2019objectif de ces rencontres est de red\u00e9couvrir la pri\u00e8re comme fondement d\u2019un minist\u00e8re renouvel\u00e9, et repartir outill\u00e9s pour enraciner Actes 6:4 au c\u0153ur de votre \u00c9glise.\n\nNotre conf\u00e9rencier Daniel Henderson cumule pr\u00e8s de trente ans d\u2019exp\u00e9rience pastorale, et a accompagn\u00e9 des centaines d\u2019\u00c9glises dans une revitalisation fond\u00e9e sur la pri\u00e8re.\t\t\t\t\t\t\t\t<\/div>\n\t\t\t\t<\/div>\n\t\t\t\t\t<\/div>\n\t\t<\/div>\n\t\t\t\t\t<\/div>\n\t\t<\/section>\n\t\t\t\t<\/div>\n\t\t<\/div><\/article><!-- .ee-post --><\/div><!-- .ee-loop__item --><div class=\"ee-grid__item ee-loop__item\"><article class=\"ee-post post-95206 events type-events status-publish has-post-thumbnail hentry event-media-evento-frances event_type-french event_type-international event_type-prayer-call event_type-regional region-northeast region-quebec\"><div class=\"elementor-template\"><style>.elementor-1850 .elementor-element.elementor-element-1fb9ed9 > .elementor-container > .elementor-column > .elementor-widget-wrap{align-content:center;align-items:center;}.elementor-1850 .elementor-element.elementor-element-1fb9ed9:not(.elementor-motion-effects-element-type-background), .elementor-1850 .elementor-element.elementor-element-1fb9ed9 > .elementor-motion-effects-container > .elementor-motion-effects-layer{background-color:transparent;background-image:linear-gradient(135deg, #FFFFFF1C 25%, #FFFFFFC4 100%);}.elementor-1850 .elementor-element.elementor-element-1fb9ed9 > .elementor-background-overlay{background-image:url(\"https:\/\/64fellowship.com\/wp-content\/uploads\/texture.svg\");background-size:cover;opacity:0.06;transition:background 0.3s, border-radius 0.3s, opacity 0.3s;}.elementor-1850 .elementor-element.elementor-element-1fb9ed9{transition:background 0.3s, border 0.3s, border-radius 0.3s, box-shadow 0.3s;padding:10px 10px 10px 10px;}.elementor-1850 .elementor-element.elementor-element-7ba169f img{width:100%;}.ee-tooltip.ee-tooltip-7ba169f.to--top,\n\t\t\t\t\t\t\t .ee-tooltip.ee-tooltip-7ba169f.to--bottom{margin-left:0px;}.ee-tooltip.ee-tooltip-7ba169f.to--left,\n\t\t\t\t\t\t\t .ee-tooltip.ee-tooltip-7ba169f.to--right{margin-top:0px;}.elementor-1850 .elementor-element.elementor-element-10be163{text-align:start;}.elementor-1850 .elementor-element.elementor-element-10be163 .elementor-heading-title{font-family:\"proxima-nova\", Sans-serif;font-size:1.3rem;}.elementor-1850 .elementor-element.elementor-element-10be163 > .elementor-widget-container{margin:0px 0px 0px 0px;}.elementor-1850 .elementor-element.elementor-element-fecc4a0{text-align:start;width:auto;max-width:auto;}.elementor-1850 .elementor-element.elementor-element-fecc4a0 > .elementor-widget-container{margin:0px 0px 0px 0px;}.elementor-1850 .elementor-element.elementor-element-a17f85a{text-align:start;width:auto;max-width:auto;}.elementor-1850 .elementor-element.elementor-element-a17f85a > .elementor-widget-container{margin:0px 0px 0px 5px;}@media(min-width:768px){.elementor-1850 .elementor-element.elementor-element-6266c63{width:25%;}.elementor-1850 .elementor-element.elementor-element-97a184c{width:75%;}}@media(max-width:767px){.elementor-1850 .elementor-element.elementor-element-1fb9ed9{padding:8px 8px 8px 8px;}.elementor-1850 .elementor-element.elementor-element-10be163 .elementor-heading-title{font-size:1.2rem;}.elementor-1850 .elementor-element.elementor-element-10be163 > .elementor-widget-container{margin:10px 0px 5px 10px;}.elementor-1850 .elementor-element.elementor-element-fecc4a0 > .elementor-widget-container{margin:0px 0px 0px 10px;}.elementor-1850 .elementor-element.elementor-element-a17f85a > .elementor-widget-container{margin:0px 0px 0px 10px;}.elementor-1850 .elementor-element.elementor-element-94697f2 > .elementor-widget-container{margin:10px 0px 5px 10px;}}<\/style>\t\t<div data-elementor-type=\"section\" data-elementor-id=\"1850\" class=\"elementor elementor-1850\" data-elementor-post-type=\"elementor_library\">\n\t\t\t\t\t<section data-ee-template-widget-id=\"1fb9ed9-95206\" class=\"elementor-ee-element-1fb9ed9-95206 elementor-section elementor-top-section elementor-element elementor-element-1fb9ed9 elementor-section-full_width mw-1000 clickable elementor-section-content-middle elementor-section-height-default elementor-section-height-default\" data-id=\"1fb9ed9\" data-element_type=\"section\" data-e-type=\"section\" data-settings=\"{&quot;background_background&quot;:&quot;gradient&quot;}\">\n\t\t\t\t\t\t\t<div class=\"elementor-background-overlay\"><\/div>\n\t\t\t\t\t\t\t<div class=\"elementor-container elementor-column-gap-default\">\n\t\t\t\t\t<div data-ee-template-widget-id=\"6266c63-95206\" class=\"elementor-ee-element-6266c63-95206 elementor-column elementor-col-50 elementor-top-column elementor-element elementor-element-6266c63\" data-id=\"6266c63\" data-element_type=\"column\" data-e-type=\"column\">\n\t\t\t<div class=\"elementor-widget-wrap elementor-element-populated\">\n\t\t\t\t\t\t<div data-ee-template-widget-id=\"7ba169f-95206\" class=\"elementor-ee-element-7ba169f-95206 elementor-element elementor-element-7ba169f shadow-xl elementor-widget elementor-widget-theme-post-featured-image elementor-widget-image\" data-id=\"7ba169f\" data-element_type=\"widget\" data-e-type=\"widget\" data-widget_type=\"theme-post-featured-image.default\">\n\t\t\t\t<div class=\"elementor-widget-container\">\n\t\t\t\t\t\t\t\t\t\t\t\t\t\t\t\t<a href=\"https:\/\/64fellowship.com\/fr\/events\/reunion-de-priere-pour-les-pasteurs-francophones\/\">\n\t\t\t\t\t\t\t<img decoding=\"async\" width=\"1000\" height=\"1000\" src=\"https:\/\/64fellowship.com\/wp-content\/uploads\/French-Prayer-Call-1000x1000.png\" class=\"elementor-animation-grow attachment-cairn-square size-cairn-square wp-image-95207\" alt=\"\" srcset=\"https:\/\/64fellowship.com\/wp-content\/uploads\/French-Prayer-Call-1000x1000.png 1000w, https:\/\/64fellowship.com\/wp-content\/uploads\/French-Prayer-Call-750x750.png 750w, https:\/\/64fellowship.com\/wp-content\/uploads\/French-Prayer-Call-500x500.png 500w, https:\/\/64fellowship.com\/wp-content\/uploads\/French-Prayer-Call-768x768.png 768w, https:\/\/64fellowship.com\/wp-content\/uploads\/French-Prayer-Call.png 1080w\" sizes=\"(max-width: 1000px) 100vw, 1000px\" \/>\t\t\t\t\t\t\t\t<\/a>\n\t\t\t\t\t\t\t\t\t\t\t\t\t\t\t<\/div>\n\t\t\t\t<\/div>\n\t\t\t\t\t<\/div>\n\t\t<\/div>\n\t\t\t\t<div data-ee-template-widget-id=\"97a184c-95206\" class=\"elementor-ee-element-97a184c-95206 elementor-column elementor-col-50 elementor-top-column elementor-element elementor-element-97a184c\" data-id=\"97a184c\" data-element_type=\"column\" data-e-type=\"column\">\n\t\t\t<div class=\"elementor-widget-wrap elementor-element-populated\">\n\t\t\t\t\t\t<div data-ee-template-widget-id=\"10be163-95206\" class=\"elementor-ee-element-10be163-95206 elementor-element elementor-element-10be163 elementor-widget elementor-widget-heading\" data-id=\"10be163\" data-element_type=\"widget\" data-e-type=\"widget\" data-widget_type=\"heading.default\">\n\t\t\t\t<div class=\"elementor-widget-container\">\n\t\t\t\t\t<h3 class=\"elementor-heading-title elementor-size-default\"><a href=\"https:\/\/64fellowship.com\/fr\/events\/reunion-de-priere-pour-les-pasteurs-francophones\/\">R\u00e9union de pri\u00e8re pour les pasteurs francophones<\/a><\/h3>\t\t\t\t<\/div>\n\t\t\t\t<\/div>\n\t\t\t\t<div data-ee-template-widget-id=\"fecc4a0-95206\" class=\"elementor-ee-element-fecc4a0-95206 elementor-element elementor-element-fecc4a0 txt-small italic elementor-widget__width-auto elementor-widget elementor-widget-text-editor\" data-id=\"fecc4a0\" data-element_type=\"widget\" data-e-type=\"widget\" data-widget_type=\"text-editor.default\">\n\t\t\t\t<div class=\"elementor-widget-container\">\n\t\t\t\t\t\t\t\t\tjanvier 7, 2025\t\t\t\t\t\t\t\t<\/div>\n\t\t\t\t<\/div>\n\t\t\t\t<div data-ee-template-widget-id=\"94697f2-95206\" class=\"elementor-ee-element-94697f2-95206 elementor-element elementor-element-94697f2 m-t-sm elementor-widget elementor-widget-text-editor\" data-id=\"94697f2\" data-element_type=\"widget\" data-e-type=\"widget\" data-widget_type=\"text-editor.default\">\n\t\t\t\t<div class=\"elementor-widget-container\">\n\t\t\t\t\t\t\t\t\tChaque mardi, cette rencontre Zoom est ouverte \u00e0 tous les pasteurs francophones alors que nous apprenons ensemble \u00e0 chercher la face de Dieu dans une pri\u00e8re nourrie par les \u00c9critures, guid\u00e9e par l\u2019Esprit et fond\u00e9e sur l\u2019adoration.\t\t\t\t\t\t\t\t<\/div>\n\t\t\t\t<\/div>\n\t\t\t\t\t<\/div>\n\t\t<\/div>\n\t\t\t\t\t<\/div>\n\t\t<\/section>\n\t\t\t\t<\/div>\n\t\t<\/div><\/article><!-- .ee-post --><\/div><!-- .ee-loop__item --><\/div><!-- .ee-loop -->\t\t\t\t<\/div>\n\t\t\t\t<\/div>\n\t\t\t\t\t<\/div>\n\t\t<\/div>\n\t\t\t\t\t<\/div>\n\t\t<\/section>\n\t\t\t\t\t<\/div>\n\t\t<\/div>\n\t\t\t\t\t<\/div>\n\t\t<\/section>\n\t\t\t\t<\/div>\n\t\t","protected":false},"excerpt":{"rendered":"<p>Ev\u00e9nements Connectez-vous avec des leaders partageant les m\u00eames id\u00e9es et \u00e9quipez-vous puissamment lors des r\u00e9unions r\u00e9gionales, nationales et internationales. \u00c9v\u00e9nements internationaux Actuellement, aucun \u00e9v\u00e9nement n&#8217;est pr\u00e9vu dans cette cat\u00e9gorie. Revenez bient\u00f4t ! \u00c9v\u00e9nements r\u00e9gionaux<\/p>\n","protected":false},"author":38,"featured_media":0,"parent":0,"menu_order":17,"comment_status":"closed","ping_status":"closed","template":"","meta":{"_acf_changed":false,"_seopress_robots_primary_cat":"","_seopress_titles_title":"\u00e9v\u00e9nements \u00e0 venir | La communaut\u00e9 6:4","_seopress_titles_desc":"Eventos de transformaci\u00f3n para pastores. 6:4 Los actos de confraternidad est\u00e1n concebidos para aportar renovaci\u00f3n a trav\u00e9s de un nuevo encuentro con Dios. Explore los eventos nacionales, regionales y access+.","_seopress_robots_index":"","inline_featured_image":false,"footnotes":""},"access_level":[],"class_list":["post-95188","page","type-page","status-publish","hentry"],"acf":[],"_links":{"self":[{"href":"https:\/\/64fellowship.com\/fr\/wp-json\/wp\/v2\/pages\/95188","targetHints":{"allow":["GET"]}}],"collection":[{"href":"https:\/\/64fellowship.com\/fr\/wp-json\/wp\/v2\/pages"}],"about":[{"href":"https:\/\/64fellowship.com\/fr\/wp-json\/wp\/v2\/types\/page"}],"author":[{"embeddable":true,"href":"https:\/\/64fellowship.com\/fr\/wp-json\/wp\/v2\/users\/38"}],"replies":[{"embeddable":true,"href":"https:\/\/64fellowship.com\/fr\/wp-json\/wp\/v2\/comments?post=95188"}],"version-history":[{"count":0,"href":"https:\/\/64fellowship.com\/fr\/wp-json\/wp\/v2\/pages\/95188\/revisions"}],"wp:attachment":[{"href":"https:\/\/64fellowship.com\/fr\/wp-json\/wp\/v2\/media?parent=95188"}],"wp:term":[{"taxonomy":"access_level","embeddable":true,"href":"https:\/\/64fellowship.com\/fr\/wp-json\/wp\/v2\/access_level?post=95188"}],"curies":[{"name":"wp","href":"https:\/\/api.w.org\/{rel}","templated":true}]}}