{"id":95093,"date":"2021-08-24T10:54:29","date_gmt":"2021-08-24T16:54:29","guid":{"rendered":"https:\/\/64fellowship.com\/coaching\/"},"modified":"2024-01-30T11:35:23","modified_gmt":"2024-01-30T18:35:23","slug":"coaching","status":"publish","type":"page","link":"https:\/\/64fellowship.com\/fr\/coaching\/","title":{"rendered":"Coaching"},"content":{"rendered":"\t\t<div data-elementor-type=\"wp-page\" data-elementor-id=\"95093\" class=\"elementor elementor-95093 elementor-9085\" data-elementor-post-type=\"page\">\n\t\t\t\t\t\t<section class=\"elementor-section elementor-top-section elementor-element elementor-element-abe0cef elementor-section-boxed elementor-section-height-default elementor-section-height-default\" data-id=\"abe0cef\" data-element_type=\"section\" data-e-type=\"section\" data-settings=\"{&quot;background_background&quot;:&quot;classic&quot;}\">\n\t\t\t\t\t\t\t<div class=\"elementor-background-overlay\"><\/div>\n\t\t\t\t\t\t\t<div class=\"elementor-container elementor-column-gap-default\">\n\t\t\t\t\t<div class=\"elementor-column elementor-col-100 elementor-top-column elementor-element elementor-element-9b34817\" data-id=\"9b34817\" data-element_type=\"column\" data-e-type=\"column\">\n\t\t\t<div class=\"elementor-widget-wrap elementor-element-populated\">\n\t\t\t\t\t\t<div class=\"elementor-element elementor-element-a8c2071 elementor-widget elementor-widget-spacer\" data-id=\"a8c2071\" data-element_type=\"widget\" data-e-type=\"widget\" data-widget_type=\"spacer.default\">\n\t\t\t\t<div class=\"elementor-widget-container\">\n\t\t\t\t\t\t\t<div class=\"elementor-spacer\">\n\t\t\t<div class=\"elementor-spacer-inner\"><\/div>\n\t\t<\/div>\n\t\t\t\t\t\t<\/div>\n\t\t\t\t<\/div>\n\t\t\t\t<div class=\"elementor-element elementor-element-855ef32 elementor-widget elementor-widget-text-editor\" data-id=\"855ef32\" data-element_type=\"widget\" data-e-type=\"widget\" data-widget_type=\"text-editor.default\">\n\t\t\t\t<div class=\"elementor-widget-container\">\n\t\t\t\t\t\t\t\t\t<p>&#8220;Pour la sant\u00e9, l&#8217;espoir et le renforcement de l&#8217;Esprit dans le minist\u00e8re pastoral.<\/p>\n\t\t\t\t\t\t\t\t<\/div>\n\t\t\t\t<\/div>\n\t\t\t\t<div class=\"elementor-element elementor-element-9cecb73 elementor-widget elementor-widget-spacer\" data-id=\"9cecb73\" data-element_type=\"widget\" data-e-type=\"widget\" data-widget_type=\"spacer.default\">\n\t\t\t\t<div class=\"elementor-widget-container\">\n\t\t\t\t\t\t\t<div class=\"elementor-spacer\">\n\t\t\t<div class=\"elementor-spacer-inner\"><\/div>\n\t\t<\/div>\n\t\t\t\t\t\t<\/div>\n\t\t\t\t<\/div>\n\t\t\t\t<section class=\"elementor-section elementor-inner-section elementor-element elementor-element-90aebb0 elementor-section-boxed elementor-section-height-default elementor-section-height-default\" data-id=\"90aebb0\" data-element_type=\"section\" data-e-type=\"section\" data-settings=\"{&quot;background_background&quot;:&quot;classic&quot;}\">\n\t\t\t\t\t\t<div class=\"elementor-container elementor-column-gap-default\">\n\t\t\t\t\t<div class=\"elementor-column elementor-col-50 elementor-inner-column elementor-element elementor-element-5bad15b\" data-id=\"5bad15b\" data-element_type=\"column\" data-e-type=\"column\">\n\t\t\t<div class=\"elementor-widget-wrap elementor-element-populated\">\n\t\t\t\t\t\t<div class=\"elementor-element elementor-element-90e50ba elementor-widget elementor-widget-image\" data-id=\"90e50ba\" data-element_type=\"widget\" data-e-type=\"widget\" data-settings=\"{&quot;motion_fx_motion_fx_scrolling&quot;:&quot;yes&quot;,&quot;motion_fx_translateY_effect&quot;:&quot;yes&quot;,&quot;motion_fx_translateY_speed&quot;:{&quot;unit&quot;:&quot;px&quot;,&quot;size&quot;:1.5,&quot;sizes&quot;:[]},&quot;motion_fx_translateY_affectedRange&quot;:{&quot;unit&quot;:&quot;%&quot;,&quot;size&quot;:&quot;&quot;,&quot;sizes&quot;:{&quot;start&quot;:46,&quot;end&quot;:58}},&quot;motion_fx_devices&quot;:[&quot;desktop&quot;,&quot;tablet&quot;,&quot;mobile&quot;]}\" data-widget_type=\"image.default\">\n\t\t\t\t<div class=\"elementor-widget-container\">\n\t\t\t\t\t\t\t\t\t\t\t\t\t\t\t\t<a href=\"https:\/\/64fellowship.com\/events\/praying-leader\/\">\n\t\t\t\t\t\t\t<img fetchpriority=\"high\" decoding=\"async\" width=\"500\" height=\"500\" src=\"https:\/\/64fellowship.com\/wp-content\/uploads\/The_Praying_Leader_Red_Square-500x500.png\" class=\"attachment-thumbnail size-thumbnail wp-image-95101\" alt=\"\" srcset=\"https:\/\/64fellowship.com\/wp-content\/uploads\/The_Praying_Leader_Red_Square-500x500.png 500w, https:\/\/64fellowship.com\/wp-content\/uploads\/The_Praying_Leader_Red_Square-750x750.png 750w, https:\/\/64fellowship.com\/wp-content\/uploads\/The_Praying_Leader_Red_Square-768x768.png 768w, https:\/\/64fellowship.com\/wp-content\/uploads\/The_Praying_Leader_Red_Square-1000x1000.png 1000w, https:\/\/64fellowship.com\/wp-content\/uploads\/The_Praying_Leader_Red_Square.png 1080w\" sizes=\"(max-width: 500px) 100vw, 500px\" \/>\t\t\t\t\t\t\t\t<\/a>\n\t\t\t\t\t\t\t\t\t\t\t\t\t\t\t<\/div>\n\t\t\t\t<\/div>\n\t\t\t\t\t<\/div>\n\t\t<\/div>\n\t\t\t\t<div class=\"elementor-column elementor-col-50 elementor-inner-column elementor-element elementor-element-32915c6\" data-id=\"32915c6\" data-element_type=\"column\" data-e-type=\"column\">\n\t\t\t<div class=\"elementor-widget-wrap elementor-element-populated\">\n\t\t\t\t\t\t<div class=\"elementor-element elementor-element-a7c599e elementor-widget elementor-widget-heading\" data-id=\"a7c599e\" data-element_type=\"widget\" data-e-type=\"widget\" data-widget_type=\"heading.default\">\n\t\t\t\t<div class=\"elementor-widget-container\">\n\t\t\t\t\t<h2 class=\"elementor-heading-title elementor-size-default\">LE CHEMIN VERS UN LEADERSHIP PLUS FORT PASSE PAR LE FAIT DE DEVENIR UN LEADER QUI PRIE<\/h2>\t\t\t\t<\/div>\n\t\t\t\t<\/div>\n\t\t\t\t<div class=\"elementor-element elementor-element-7ad7738 elementor-widget elementor-widget-text-editor\" data-id=\"7ad7738\" data-element_type=\"widget\" data-e-type=\"widget\" data-widget_type=\"text-editor.default\">\n\t\t\t\t<div class=\"elementor-widget-container\">\n\t\t\t\t\t\t\t\t\t<p>Menez la transformation de votre \u00e9glise en d\u00e9veloppant une culture de la pri\u00e8re.<\/p>\n<p>L&#8217;exp\u00e9rience de coaching du leader priant vous donnera une voie biblique vers le leadership spirituel qui vous rendra capable, vous et votre peuple, d&#8217;exercer un plus grand minist\u00e8re de l&#8217;\u00c9vangile.<\/p>\n\t\t\t\t\t\t\t\t<\/div>\n\t\t\t\t<\/div>\n\t\t\t\t<div class=\"elementor-element elementor-element-8c898b0 elementor-widget elementor-widget-spacer\" data-id=\"8c898b0\" data-element_type=\"widget\" data-e-type=\"widget\" data-widget_type=\"spacer.default\">\n\t\t\t\t<div class=\"elementor-widget-container\">\n\t\t\t\t\t\t\t<div class=\"elementor-spacer\">\n\t\t\t<div class=\"elementor-spacer-inner\"><\/div>\n\t\t<\/div>\n\t\t\t\t\t\t<\/div>\n\t\t\t\t<\/div>\n\t\t\t\t<div class=\"elementor-element elementor-element-9e76a3f elementor-widget elementor-widget-button\" data-id=\"9e76a3f\" data-element_type=\"widget\" data-e-type=\"widget\" data-widget_type=\"button.default\">\n\t\t\t\t<div class=\"elementor-widget-container\">\n\t\t\t\t\t\t\t\t\t<div class=\"elementor-button-wrapper\">\n\t\t\t\t\t<a class=\"elementor-button elementor-button-link elementor-size-sm\" href=\"https:\/\/64fellowship.com\/events\/praying-leader\/\">\n\t\t\t\t\t\t<span class=\"elementor-button-content-wrapper\">\n\t\t\t\t\t\t\t\t\t<span class=\"elementor-button-text\">PLUS D'INFORMATIONS<\/span>\n\t\t\t\t\t<\/span>\n\t\t\t\t\t<\/a>\n\t\t\t\t<\/div>\n\t\t\t\t\t\t\t\t<\/div>\n\t\t\t\t<\/div>\n\t\t\t\t\t<\/div>\n\t\t<\/div>\n\t\t\t\t\t<\/div>\n\t\t<\/section>\n\t\t\t\t<div class=\"elementor-element elementor-element-40c171e elementor-widget elementor-widget-spacer\" data-id=\"40c171e\" data-element_type=\"widget\" data-e-type=\"widget\" data-widget_type=\"spacer.default\">\n\t\t\t\t<div class=\"elementor-widget-container\">\n\t\t\t\t\t\t\t<div class=\"elementor-spacer\">\n\t\t\t<div class=\"elementor-spacer-inner\"><\/div>\n\t\t<\/div>\n\t\t\t\t\t\t<\/div>\n\t\t\t\t<\/div>\n\t\t\t\t\t<\/div>\n\t\t<\/div>\n\t\t\t\t\t<\/div>\n\t\t<\/section>\n\t\t\t\t<section class=\"elementor-section elementor-top-section elementor-element elementor-element-566002c elementor-section-boxed elementor-section-height-default elementor-section-height-default\" data-id=\"566002c\" data-element_type=\"section\" data-e-type=\"section\">\n\t\t\t\t\t\t\t<div class=\"elementor-background-overlay\"><\/div>\n\t\t\t\t\t\t\t<div class=\"elementor-container elementor-column-gap-default\">\n\t\t\t\t\t<div class=\"elementor-column elementor-col-100 elementor-top-column elementor-element elementor-element-f820fba\" data-id=\"f820fba\" data-element_type=\"column\" data-e-type=\"column\" data-settings=\"{&quot;background_background&quot;:&quot;classic&quot;}\">\n\t\t\t<div class=\"elementor-widget-wrap elementor-element-populated\">\n\t\t\t\t\t\t<section class=\"elementor-section elementor-inner-section elementor-element elementor-element-53a2209 elementor-section-boxed elementor-section-height-default elementor-section-height-default\" data-id=\"53a2209\" data-element_type=\"section\" data-e-type=\"section\">\n\t\t\t\t\t\t<div class=\"elementor-container elementor-column-gap-default\">\n\t\t\t\t\t<div class=\"elementor-column elementor-col-50 elementor-inner-column elementor-element elementor-element-d7ab73b\" data-id=\"d7ab73b\" data-element_type=\"column\" data-e-type=\"column\">\n\t\t\t<div class=\"elementor-widget-wrap elementor-element-populated\">\n\t\t\t\t\t\t<div class=\"elementor-element elementor-element-3d3ce0a elementor-widget elementor-widget-image\" data-id=\"3d3ce0a\" data-element_type=\"widget\" data-e-type=\"widget\" data-settings=\"{&quot;motion_fx_motion_fx_scrolling&quot;:&quot;yes&quot;,&quot;motion_fx_translateY_effect&quot;:&quot;yes&quot;,&quot;motion_fx_translateY_speed&quot;:{&quot;unit&quot;:&quot;px&quot;,&quot;size&quot;:1.5,&quot;sizes&quot;:[]},&quot;motion_fx_translateY_affectedRange&quot;:{&quot;unit&quot;:&quot;%&quot;,&quot;size&quot;:&quot;&quot;,&quot;sizes&quot;:{&quot;start&quot;:46,&quot;end&quot;:58}},&quot;motion_fx_devices&quot;:[&quot;desktop&quot;,&quot;tablet&quot;]}\" data-widget_type=\"image.default\">\n\t\t\t\t<div class=\"elementor-widget-container\">\n\t\t\t\t\t\t\t\t\t\t\t\t\t\t\t\t<a href=\"https:\/\/64fellowship.com\/events\/powerofyes\/\">\n\t\t\t\t\t\t\t<img decoding=\"async\" width=\"800\" height=\"671\" src=\"https:\/\/64fellowship.com\/wp-content\/uploads\/THE-POWER-OF-YES-FB.png\" class=\"attachment-large size-large wp-image-15957\" alt=\"open hands on bibles in a circle at a table\" srcset=\"https:\/\/64fellowship.com\/wp-content\/uploads\/THE-POWER-OF-YES-FB.png 940w, https:\/\/64fellowship.com\/wp-content\/uploads\/THE-POWER-OF-YES-FB-750x629.png 750w, https:\/\/64fellowship.com\/wp-content\/uploads\/THE-POWER-OF-YES-FB-768x644.png 768w\" sizes=\"(max-width: 800px) 100vw, 800px\" \/>\t\t\t\t\t\t\t\t<\/a>\n\t\t\t\t\t\t\t\t\t\t\t\t\t\t\t<\/div>\n\t\t\t\t<\/div>\n\t\t\t\t\t<\/div>\n\t\t<\/div>\n\t\t\t\t<div class=\"elementor-column elementor-col-50 elementor-inner-column elementor-element elementor-element-0a1243b\" data-id=\"0a1243b\" data-element_type=\"column\" data-e-type=\"column\">\n\t\t\t<div class=\"elementor-widget-wrap elementor-element-populated\">\n\t\t\t\t\t\t<div class=\"elementor-element elementor-element-f49bc93 elementor-widget elementor-widget-heading\" data-id=\"f49bc93\" data-element_type=\"widget\" data-e-type=\"widget\" data-widget_type=\"heading.default\">\n\t\t\t\t<div class=\"elementor-widget-container\">\n\t\t\t\t\t<h2 class=\"elementor-heading-title elementor-size-default\">UNE INTRODUCTION \u00c0 6:4 !<\/h2>\t\t\t\t<\/div>\n\t\t\t\t<\/div>\n\t\t\t\t<div class=\"elementor-element elementor-element-dc04f53 elementor-widget elementor-widget-text-editor\" data-id=\"dc04f53\" data-element_type=\"widget\" data-e-type=\"widget\" data-widget_type=\"text-editor.default\">\n\t\t\t\t<div class=\"elementor-widget-container\">\n\t\t\t\t\t\t\t\t\t<p>Ce coaching interactif en deux parties est une <em>excellente introduction<\/em> aux concepts et aux convictions de la Communaut\u00e9 6:4. Anim\u00e9 par l&#8217;un des responsables r\u00e9gionaux du 6:4, vous entendrez certaines des voix les plus fiables du minist\u00e8re chr\u00e9tien parler de l&#8217;importance de la <em>pri\u00e8re et d&#8217;un minist\u00e8re aliment\u00e9 par la parole<\/em>.<\/p>\n<p><strong>Le pouvoir du &#8220;NON&#8221; r\u00e9side dans un &#8220;OUI&#8221; plus fort !<\/strong>&#8221; <strong><br \/> &#8211;Daniel Henderson<\/strong><\/p>\n\t\t\t\t\t\t\t\t<\/div>\n\t\t\t\t<\/div>\n\t\t\t\t<div class=\"elementor-element elementor-element-4e6d6e6 elementor-widget elementor-widget-button\" data-id=\"4e6d6e6\" data-element_type=\"widget\" data-e-type=\"widget\" data-widget_type=\"button.default\">\n\t\t\t\t<div class=\"elementor-widget-container\">\n\t\t\t\t\t\t\t\t\t<div class=\"elementor-button-wrapper\">\n\t\t\t\t\t<a class=\"elementor-button elementor-button-link elementor-size-sm\" href=\"https:\/\/64fellowship.com\/events\/powerofyes\/\">\n\t\t\t\t\t\t<span class=\"elementor-button-content-wrapper\">\n\t\t\t\t\t\t\t\t\t<span class=\"elementor-button-text\">PLUS D'INFORMATIONS<\/span>\n\t\t\t\t\t<\/span>\n\t\t\t\t\t<\/a>\n\t\t\t\t<\/div>\n\t\t\t\t\t\t\t\t<\/div>\n\t\t\t\t<\/div>\n\t\t\t\t\t<\/div>\n\t\t<\/div>\n\t\t\t\t\t<\/div>\n\t\t<\/section>\n\t\t\t\t\t<\/div>\n\t\t<\/div>\n\t\t\t\t\t<\/div>\n\t\t<\/section>\n\t\t\t\t<section class=\"elementor-section elementor-top-section elementor-element elementor-element-89dcbce elementor-section-boxed elementor-section-height-default elementor-section-height-default\" data-id=\"89dcbce\" data-element_type=\"section\" data-e-type=\"section\" data-settings=\"{&quot;background_background&quot;:&quot;classic&quot;}\">\n\t\t\t\t\t\t\t<div class=\"elementor-background-overlay\"><\/div>\n\t\t\t\t\t\t\t<div class=\"elementor-container elementor-column-gap-default\">\n\t\t\t\t\t<div class=\"elementor-column elementor-col-100 elementor-top-column elementor-element elementor-element-90ccc32\" data-id=\"90ccc32\" data-element_type=\"column\" data-e-type=\"column\" data-settings=\"{&quot;background_background&quot;:&quot;classic&quot;}\">\n\t\t\t<div class=\"elementor-widget-wrap elementor-element-populated\">\n\t\t\t\t\t\t<section class=\"elementor-section elementor-inner-section elementor-element elementor-element-43c6f2f elementor-section-boxed elementor-section-height-default elementor-section-height-default\" data-id=\"43c6f2f\" data-element_type=\"section\" data-e-type=\"section\" data-settings=\"{&quot;background_background&quot;:&quot;classic&quot;}\">\n\t\t\t\t\t\t<div class=\"elementor-container elementor-column-gap-default\">\n\t\t\t\t\t<div class=\"elementor-column elementor-col-50 elementor-inner-column elementor-element elementor-element-34eaf82\" data-id=\"34eaf82\" data-element_type=\"column\" data-e-type=\"column\">\n\t\t\t<div class=\"elementor-widget-wrap elementor-element-populated\">\n\t\t\t\t\t\t<div class=\"elementor-element elementor-element-8e31435 elementor-widget elementor-widget-image\" data-id=\"8e31435\" data-element_type=\"widget\" data-e-type=\"widget\" data-settings=\"{&quot;motion_fx_motion_fx_scrolling&quot;:&quot;yes&quot;,&quot;motion_fx_translateY_effect&quot;:&quot;yes&quot;,&quot;motion_fx_translateY_speed&quot;:{&quot;unit&quot;:&quot;px&quot;,&quot;size&quot;:1.5,&quot;sizes&quot;:[]},&quot;motion_fx_translateY_affectedRange&quot;:{&quot;unit&quot;:&quot;%&quot;,&quot;size&quot;:&quot;&quot;,&quot;sizes&quot;:{&quot;start&quot;:46,&quot;end&quot;:59}},&quot;motion_fx_devices&quot;:[&quot;desktop&quot;,&quot;tablet&quot;,&quot;mobile&quot;]}\" data-widget_type=\"image.default\">\n\t\t\t\t<div class=\"elementor-widget-container\">\n\t\t\t\t\t\t\t\t\t\t\t\t\t\t\t\t<a href=\"https:\/\/64fellowship.com\/events\/ministry-marriage-coaching\/\">\n\t\t\t\t\t\t\t<img decoding=\"async\" width=\"800\" height=\"534\" src=\"https:\/\/64fellowship.com\/wp-content\/uploads\/Ministry-Marriage-Coaching-Theme-Graphic-Base.jpg\" class=\"attachment-large size-large wp-image-11335\" alt=\"Husband and Wife Holding Each Other\" srcset=\"https:\/\/64fellowship.com\/wp-content\/uploads\/Ministry-Marriage-Coaching-Theme-Graphic-Base.jpg 1024w, https:\/\/64fellowship.com\/wp-content\/uploads\/Ministry-Marriage-Coaching-Theme-Graphic-Base-750x500.jpg 750w, https:\/\/64fellowship.com\/wp-content\/uploads\/Ministry-Marriage-Coaching-Theme-Graphic-Base-768x512.jpg 768w\" sizes=\"(max-width: 800px) 100vw, 800px\" \/>\t\t\t\t\t\t\t\t<\/a>\n\t\t\t\t\t\t\t\t\t\t\t\t\t\t\t<\/div>\n\t\t\t\t<\/div>\n\t\t\t\t\t<\/div>\n\t\t<\/div>\n\t\t\t\t<div class=\"elementor-column elementor-col-50 elementor-inner-column elementor-element elementor-element-d273ead\" data-id=\"d273ead\" data-element_type=\"column\" data-e-type=\"column\">\n\t\t\t<div class=\"elementor-widget-wrap elementor-element-populated\">\n\t\t\t\t\t\t<div class=\"elementor-element elementor-element-bc93bbb elementor-widget elementor-widget-heading\" data-id=\"bc93bbb\" data-element_type=\"widget\" data-e-type=\"widget\" data-widget_type=\"heading.default\">\n\t\t\t\t<div class=\"elementor-widget-container\">\n\t\t\t\t\t<h2 class=\"elementor-heading-title elementor-size-default\">MINIST\u00c8RE MARIAGE MENTORAT\n\n<\/h2>\t\t\t\t<\/div>\n\t\t\t\t<\/div>\n\t\t\t\t<div class=\"elementor-element elementor-element-55fad3c elementor-widget elementor-widget-text-editor\" data-id=\"55fad3c\" data-element_type=\"widget\" data-e-type=\"widget\" data-widget_type=\"text-editor.default\">\n\t\t\t\t<div class=\"elementor-widget-container\">\n\t\t\t\t\t\t\t\t\t<p>Nous savons tous que les couples de ministres et leurs enfants sont en danger. Les statistiques nous indiquent que beaucoup trop de pasteurs quittent le minist\u00e8re chaque ann\u00e9e &#8211; souvent \u00e0 cause de probl\u00e8mes li\u00e9s \u00e0 leur mariage. Des priorit\u00e9s mal align\u00e9es, des attentes d\u00e9raisonnables, un manque de conseil et d&#8217;aide conduisent \u00e0 une fin d\u00e9vastatrice du minist\u00e8re et du mariage. Ce sont l\u00e0 quelques-unes des raisons pour lesquelles la fraternit\u00e9 6:4 offre un minist\u00e8re de mentorat conjugal.<\/p>\n\t\t\t\t\t\t\t\t<\/div>\n\t\t\t\t<\/div>\n\t\t\t\t<div class=\"elementor-element elementor-element-335731e elementor-widget elementor-widget-button\" data-id=\"335731e\" data-element_type=\"widget\" data-e-type=\"widget\" data-widget_type=\"button.default\">\n\t\t\t\t<div class=\"elementor-widget-container\">\n\t\t\t\t\t\t\t\t\t<div class=\"elementor-button-wrapper\">\n\t\t\t\t\t<a class=\"elementor-button elementor-button-link elementor-size-sm\" href=\"https:\/\/64fellowship.com\/events\/ministry-marriage-coaching\/\">\n\t\t\t\t\t\t<span class=\"elementor-button-content-wrapper\">\n\t\t\t\t\t\t\t\t\t<span class=\"elementor-button-text\">PLUS D'INFORMATIONS<\/span>\n\t\t\t\t\t<\/span>\n\t\t\t\t\t<\/a>\n\t\t\t\t<\/div>\n\t\t\t\t\t\t\t\t<\/div>\n\t\t\t\t<\/div>\n\t\t\t\t\t<\/div>\n\t\t<\/div>\n\t\t\t\t\t<\/div>\n\t\t<\/section>\n\t\t\t\t\t<\/div>\n\t\t<\/div>\n\t\t\t\t\t<\/div>\n\t\t<\/section>\n\t\t\t\t<\/div>\n\t\t","protected":false},"excerpt":{"rendered":"<p>&#8220;Pour la sant\u00e9, l&#8217;espoir et le renforcement de l&#8217;Esprit dans le minist\u00e8re pastoral. LE CHEMIN VERS UN LEADERSHIP PLUS FORT PASSE PAR LE FAIT DE DEVENIR UN LEADER QUI PRIE Menez la transformation de votre \u00e9glise en d\u00e9veloppant une culture de la pri\u00e8re. L&#8217;exp\u00e9rience de coaching du leader priant vous donnera une voie biblique vers [&hellip;]<\/p>\n","protected":false},"author":1158,"featured_media":0,"parent":0,"menu_order":8,"comment_status":"closed","ping_status":"closed","template":"elementor_theme","meta":{"_acf_changed":false,"_seopress_robots_primary_cat":"","_seopress_titles_title":"","_seopress_titles_desc":"","_seopress_robots_index":"","inline_featured_image":false,"footnotes":""},"access_level":[],"class_list":["post-95093","page","type-page","status-publish","hentry"],"acf":[],"_links":{"self":[{"href":"https:\/\/64fellowship.com\/fr\/wp-json\/wp\/v2\/pages\/95093","targetHints":{"allow":["GET"]}}],"collection":[{"href":"https:\/\/64fellowship.com\/fr\/wp-json\/wp\/v2\/pages"}],"about":[{"href":"https:\/\/64fellowship.com\/fr\/wp-json\/wp\/v2\/types\/page"}],"author":[{"embeddable":true,"href":"https:\/\/64fellowship.com\/fr\/wp-json\/wp\/v2\/users\/1158"}],"replies":[{"embeddable":true,"href":"https:\/\/64fellowship.com\/fr\/wp-json\/wp\/v2\/comments?post=95093"}],"version-history":[{"count":0,"href":"https:\/\/64fellowship.com\/fr\/wp-json\/wp\/v2\/pages\/95093\/revisions"}],"wp:attachment":[{"href":"https:\/\/64fellowship.com\/fr\/wp-json\/wp\/v2\/media?parent=95093"}],"wp:term":[{"taxonomy":"access_level","embeddable":true,"href":"https:\/\/64fellowship.com\/fr\/wp-json\/wp\/v2\/access_level?post=95093"}],"curies":[{"name":"wp","href":"https:\/\/api.w.org\/{rel}","templated":true}]}}