{"id":120492,"date":"2025-10-06T10:34:45","date_gmt":"2025-10-06T16:34:45","guid":{"rendered":"https:\/\/64fellowship.com\/?page_id=120492"},"modified":"2025-10-06T10:46:25","modified_gmt":"2025-10-06T16:46:25","slug":"bibliotheque","status":"publish","type":"page","link":"https:\/\/64fellowship.com\/fr\/bibliotheque\/","title":{"rendered":"French Library"},"content":{"rendered":"\t\t<div data-elementor-type=\"wp-page\" data-elementor-id=\"120492\" class=\"elementor elementor-120492\" data-elementor-post-type=\"page\">\n\t\t\t\t\t\t<section class=\"elementor-section elementor-top-section elementor-element elementor-element-61994dd sp-b-0 sp-t-250 elementor-section-boxed elementor-section-height-default elementor-section-height-default\" data-id=\"61994dd\" data-element_type=\"section\" data-e-type=\"section\" data-settings=\"{&quot;background_background&quot;:&quot;classic&quot;}\">\n\t\t\t\t\t\t\t<div class=\"elementor-background-overlay\"><\/div>\n\t\t\t\t\t\t\t<div class=\"elementor-container elementor-column-gap-default\">\n\t\t\t\t\t<div class=\"elementor-column elementor-col-100 elementor-top-column elementor-element elementor-element-44b87fc\" data-id=\"44b87fc\" data-element_type=\"column\" data-e-type=\"column\">\n\t\t\t<div class=\"elementor-widget-wrap elementor-element-populated\">\n\t\t\t\t\t\t<section class=\"elementor-section elementor-inner-section elementor-element elementor-element-af6db01 elementor-section-content-middle sm-b-lg elementor-section-boxed elementor-section-height-default elementor-section-height-default\" data-id=\"af6db01\" data-element_type=\"section\" data-e-type=\"section\">\n\t\t\t\t\t\t<div class=\"elementor-container elementor-column-gap-default\">\n\t\t\t\t\t<div class=\"elementor-column elementor-col-100 elementor-inner-column elementor-element elementor-element-1cfa7c0\" data-id=\"1cfa7c0\" data-element_type=\"column\" data-e-type=\"column\">\n\t\t\t<div class=\"elementor-widget-wrap elementor-element-populated\">\n\t\t\t\t\t\t<div class=\"elementor-element elementor-element-4ee4d90 m-b-0 elementor-widget elementor-widget-heading\" data-id=\"4ee4d90\" data-element_type=\"widget\" data-e-type=\"widget\" data-widget_type=\"heading.default\">\n\t\t\t\t<div class=\"elementor-widget-container\">\n\t\t\t\t\t<h1 class=\"elementor-heading-title elementor-size-medium\">Biblioth\u00e8que de ressources<\/h1>\t\t\t\t<\/div>\n\t\t\t\t<\/div>\n\t\t\t\t<div class=\"elementor-element elementor-element-d47d9ce elementor-widget elementor-widget-spacer\" data-id=\"d47d9ce\" data-element_type=\"widget\" data-e-type=\"widget\" data-widget_type=\"spacer.default\">\n\t\t\t\t<div class=\"elementor-widget-container\">\n\t\t\t\t\t\t\t<div class=\"elementor-spacer\">\n\t\t\t<div class=\"elementor-spacer-inner\"><\/div>\n\t\t<\/div>\n\t\t\t\t\t\t<\/div>\n\t\t\t\t<\/div>\n\t\t\t\t<div class=\"elementor-element elementor-element-f984604 elementor-widget elementor-widget-text-editor\" data-id=\"f984604\" data-element_type=\"widget\" data-e-type=\"widget\" data-widget_type=\"text-editor.default\">\n\t\t\t\t<div class=\"elementor-widget-container\">\n\t\t\t\t\t\t\t\t\t<p>\u00ab Nous apportons les outils, Dieu apporte la puissance ! \u00bb<\/p>\t\t\t\t\t\t\t\t<\/div>\n\t\t\t\t<\/div>\n\t\t\t\t\t<\/div>\n\t\t<\/div>\n\t\t\t\t\t<\/div>\n\t\t<\/section>\n\t\t\t\t\t<\/div>\n\t\t<\/div>\n\t\t\t\t\t<\/div>\n\t\t<\/section>\n\t\t\t\t<section class=\"elementor-section elementor-top-section elementor-element elementor-element-58ba2f9 sixfour-filtering sp-t-50 elementor-section-boxed elementor-section-height-default elementor-section-height-default\" data-id=\"58ba2f9\" data-element_type=\"section\" data-e-type=\"section\" id=\"resources\" data-settings=\"{&quot;background_background&quot;:&quot;gradient&quot;}\">\n\t\t\t\t\t\t<div class=\"elementor-container elementor-column-gap-default\">\n\t\t\t\t\t<div class=\"elementor-column elementor-col-100 elementor-top-column elementor-element elementor-element-5e31f3a\" data-id=\"5e31f3a\" data-element_type=\"column\" data-e-type=\"column\">\n\t\t\t<div class=\"elementor-widget-wrap elementor-element-populated\">\n\t\t\t\t<!-- dce invisible element adeeb4a -->\t\t<section class=\"elementor-section elementor-inner-section elementor-element elementor-element-ebf70c8 elementor-section-full_width elementor-section-height-default elementor-section-height-default\" data-id=\"ebf70c8\" data-element_type=\"section\" data-e-type=\"section\">\n\t\t\t\t\t\t<div class=\"elementor-container elementor-column-gap-default\">\n\t\t\t\t\t<div class=\"elementor-column elementor-col-100 elementor-inner-column elementor-element elementor-element-435329c cp-0\" data-id=\"435329c\" data-element_type=\"column\" data-e-type=\"column\">\n\t\t\t<div class=\"elementor-widget-wrap elementor-element-populated\">\n\t\t\t\t<!-- dce invisible element 0f8511b -->\t\t<div class=\"elementor-element elementor-element-a9a55cd elementor-hidden-desktop elementor-widget elementor-widget-html\" data-id=\"a9a55cd\" data-element_type=\"widget\" data-e-type=\"widget\" data-widget_type=\"html.default\">\n\t\t\t\t<div class=\"elementor-widget-container\">\n\t\t\t\t\t<a href=\"javascript:void(0)\" class=\"facetwp-flyout-open resource-library__mobile-filter-link\">View Filters<\/a>\t\t\t\t<\/div>\n\t\t\t\t<\/div>\n\t\t\t\t\t<\/div>\n\t\t<\/div>\n\t\t\t\t\t<\/div>\n\t\t<\/section>\n\t\t\t\t<section class=\"elementor-section elementor-inner-section elementor-element elementor-element-f04d409 elementor-section-full_width elementor-section-height-default elementor-section-height-default\" data-id=\"f04d409\" data-element_type=\"section\" data-e-type=\"section\">\n\t\t\t\t\t\t<div class=\"elementor-container elementor-column-gap-default\">\n\t\t\t<!-- dce invisible element ee33f92 -->\t\t<div class=\"elementor-column elementor-col-100 elementor-inner-column elementor-element elementor-element-feaa993\" data-id=\"feaa993\" data-element_type=\"column\" data-e-type=\"column\">\n\t\t\t<div class=\"elementor-widget-wrap elementor-element-populated\">\n\t\t\t\t\t\t<div class=\"elementor-element elementor-element-88bb113 elementor-widget elementor-widget-shortcode\" data-id=\"88bb113\" data-element_type=\"widget\" data-e-type=\"widget\" data-widget_type=\"shortcode.default\">\n\t\t\t\t<div class=\"elementor-widget-container\">\n\t\t\t\t\t\t\t<div class=\"elementor-shortcode\"><div class=\"facetwp-template\" data-name=\"blog_posts\"><div class=\"resource-library-results-grid\">\n<div class=\"resource-library-result clickable\">\n  <div class=\"rlr__image\">\n<a href=\"https:\/\/64fellowship.com\/fr\/library\/trois-questions-auxquelles-les-faux-chretiens-auront-de-la-difficulte-a-repondre\/\">\n    \n    <div class=\"rlr__icons\">\n        <\/div>\n<\/a>\n  <\/div>\n\n  <div class=\"rlr__text-container\">\n    <a href=\"https:\/\/64fellowship.com\/fr\/library\/trois-questions-auxquelles-les-faux-chretiens-auront-de-la-difficulte-a-repondre\/\">\n      <h3 class=\"rlr__title\">\n        Trois questions auxquelles les faux chre\u0301tiens auront de la difficulte\u0301 a\u0300 re\u0301pondre      <\/h3>\n    <\/a>\n\n    <em class=\"rlr__author\">By La Communaut\u00e9 6:4<\/em>\n\n    <div class=\"rlr__excerpt\">\n      Traduit par Sylvio Janelle 1. As-tu des preuves de la pr\u00e9sence de Dieu dans ta vie&nbsp;? \u00c0 quel point Dieu a-t-il \u00e9t\u00e9 r\u00e9el cette semaine dans ton c\u0153ur ? Dans...    <\/div>\n\n      <\/div>\n<\/div>\n<div class=\"resource-library-result clickable\">\n  <div class=\"rlr__image\">\n<a href=\"https:\/\/64fellowship.com\/fr\/library\/si-je-meurs-dans-une-semaine\/\">\n    \n    <div class=\"rlr__icons\">\n        <\/div>\n<\/a>\n  <\/div>\n\n  <div class=\"rlr__text-container\">\n    <a href=\"https:\/\/64fellowship.com\/fr\/library\/si-je-meurs-dans-une-semaine\/\">\n      <h3 class=\"rlr__title\">\n        Si je meurs dans une semaine      <\/h3>\n    <\/a>\n\n    <em class=\"rlr__author\">By La Communaut\u00e9 6:4<\/em>\n\n    <div class=\"rlr__excerpt\">\n      Par Daniel HendersonTraduit par Sylvio JanelleTir\u00e9 du livre \u00ab Glorious Finish \u00bb Il y a quelques ann\u00e9es, le magazine Guideposts a propos\u00e9 un r\u00e9cit sur Billie Kay Bothwell. C&#8217;\u00e9tait une lyc\u00e9enne brillante,...    <\/div>\n\n      <\/div>\n<\/div>\n<div class=\"resource-library-result clickable\">\n  <div class=\"rlr__image\">\n<a href=\"https:\/\/64fellowship.com\/fr\/library\/sinvestir-a-100\/\">\n    \n    <div class=\"rlr__icons\">\n        <\/div>\n<\/a>\n  <\/div>\n\n  <div class=\"rlr__text-container\">\n    <a href=\"https:\/\/64fellowship.com\/fr\/library\/sinvestir-a-100\/\">\n      <h3 class=\"rlr__title\">\n        S&#8217;investir \u00e0 100%      <\/h3>\n    <\/a>\n\n    <em class=\"rlr__author\">By La Communaut\u00e9 6:4<\/em>\n\n    <div class=\"rlr__excerpt\">\n      Par Bill Elliff, le 30 avril 2024, traduit par SJ avec son aimable permission.&nbsp; Article original&nbsp;: https:\/\/billelliff.org\/blogs\/news\/all-in?mc_cid=f244dea2db&amp;mc_eid=afa3206eed \u00ab Heureux ceux qui gardent ses pr\u00e9ceptes, Qui le cherchent de tout leur...    <\/div>\n\n      <\/div>\n<\/div>\n<div class=\"resource-library-result clickable\">\n  <div class=\"rlr__image\">\n<a href=\"https:\/\/64fellowship.com\/fr\/library\/que-feras-tu-de-ton-dieu\/\">\n    \n    <div class=\"rlr__icons\">\n        <\/div>\n<\/a>\n  <\/div>\n\n  <div class=\"rlr__text-container\">\n    <a href=\"https:\/\/64fellowship.com\/fr\/library\/que-feras-tu-de-ton-dieu\/\">\n      <h3 class=\"rlr__title\">\n        Que feras-tu de ton Dieu      <\/h3>\n    <\/a>\n\n    <em class=\"rlr__author\">By La Communaut\u00e9 6:4<\/em>\n\n    <div class=\"rlr__excerpt\">\n      [Traduit avec permission par Sylvio Janelle \u00e0 partir de l\u2019original \u00e9crit par Bill Elliff&nbsp;: https:\/\/billelliff.org\/blogs\/news\/what-will-you-do-with-your-god?mc_cid=8d2f9bd628&amp;mc_eid=2ab472c883 ] Chaque cr\u00e9ature de Dieu, homme ou femme, doit faire son choix. Que feras-tu de...    <\/div>\n\n      <\/div>\n<\/div>\n<div class=\"resource-library-result clickable\">\n  <div class=\"rlr__image\">\n<a href=\"https:\/\/64fellowship.com\/fr\/library\/on-ne-sait-jamais\/\">\n    \n    <div class=\"rlr__icons\">\n        <\/div>\n<\/a>\n  <\/div>\n\n  <div class=\"rlr__text-container\">\n    <a href=\"https:\/\/64fellowship.com\/fr\/library\/on-ne-sait-jamais\/\">\n      <h3 class=\"rlr__title\">\n        ON NE SAIT JAMAIS      <\/h3>\n    <\/a>\n\n    <em class=\"rlr__author\">By La Communaut\u00e9 6:4<\/em>\n\n    <div class=\"rlr__excerpt\">\n      Par Bill Elliff https:\/\/billelliff.org\/blogs\/news\/you-never-know?mc_cid=a7c1ba2394&amp;mc_eid=afa3206eed (Traduit et partag\u00e9 par Sylvio Janelle avec l\u2019aimable permission de l\u2019auteur.) Comment puis-je savoir si mon t\u00e9moignage aupr\u00e8s des autres fera une diff\u00e9rence ? La plupart...    <\/div>\n\n      <\/div>\n<\/div>\n<div class=\"resource-library-result clickable\">\n  <div class=\"rlr__image\">\n<a href=\"https:\/\/64fellowship.com\/fr\/library\/des-resolutions-du-nouvel-an-pour-votre-eglise-et-pour-vous\/\">\n    \n    <div class=\"rlr__icons\">\n        <\/div>\n<\/a>\n  <\/div>\n\n  <div class=\"rlr__text-container\">\n    <a href=\"https:\/\/64fellowship.com\/fr\/library\/des-resolutions-du-nouvel-an-pour-votre-eglise-et-pour-vous\/\">\n      <h3 class=\"rlr__title\">\n        DES R\u00c9SOLUTIONS DU NOUVEL AN POUR VOTRE \u00c9GLISE ET POUR VOUS      <\/h3>\n    <\/a>\n\n    <em class=\"rlr__author\">By La Communaut\u00e9 6:4<\/em>\n\n    <div class=\"rlr__excerpt\">\n      Par James Emery White [Traduit et adapt\u00e9 avec permission par Sylvio Janelle \u00e0 partir de l\u2019article original&nbsp;: https:\/\/www.churchandculture.org\/blog\/2025\/1\/2\/new-years-resolutions] C&#8217;est \u00e0 nouveau la p\u00e9riode de l&#8217;ann\u00e9e. Nous allons perdre du poids,...    <\/div>\n\n      <\/div>\n<\/div>\n<div class=\"resource-library-result clickable\">\n  <div class=\"rlr__image\">\n<a href=\"https:\/\/64fellowship.com\/fr\/library\/avoir-une-la-bonne-perception-de-soi\/\">\n    \n    <div class=\"rlr__icons\">\n        <\/div>\n<\/a>\n  <\/div>\n\n  <div class=\"rlr__text-container\">\n    <a href=\"https:\/\/64fellowship.com\/fr\/library\/avoir-une-la-bonne-perception-de-soi\/\">\n      <h3 class=\"rlr__title\">\n        Avoir une la bonne perception de soi      <\/h3>\n    <\/a>\n\n    <em class=\"rlr__author\">By La Communaut\u00e9 6:4<\/em>\n\n    <div class=\"rlr__excerpt\">\n      https:\/\/billelliff.org\/blogs\/news\/seeing-yourself-rightly?mc_cid=ec476dde84&amp;mc_eid=afa3206eed [Par Bill Elliff, traduit avec son aimable permission] Bill Wellons, l&#8217;un des meilleurs leaders et pasteurs que je n&#8217;aie jamais connus, m&#8217;a dit un jour que le trait de...    <\/div>\n\n      <\/div>\n<\/div>\n<div class=\"resource-library-result clickable\">\n  <div class=\"rlr__image\">\n<a href=\"https:\/\/64fellowship.com\/fr\/library\/la-priere-pour-ressembler-a-christ\/\">\n    \n    <div class=\"rlr__icons\">\n        <\/div>\n<\/a>\n  <\/div>\n\n  <div class=\"rlr__text-container\">\n    <a href=\"https:\/\/64fellowship.com\/fr\/library\/la-priere-pour-ressembler-a-christ\/\">\n      <h3 class=\"rlr__title\">\n        LA PRI\u00c8RE: POUR RESSEMBLER \u00c0 CHRIST      <\/h3>\n    <\/a>\n\n    <em class=\"rlr__author\">By La Communaut\u00e9 6:4<\/em>\n\n    <div class=\"rlr__excerpt\">\n      \u00ab&nbsp;Nous les Protestants sommes des gens indisciplin\u00e9s.Voil\u00e0, en grande partie, la raison de notre vision spirituelle floueet de notre s\u00e9rieux manque de puissance morale.&nbsp;\u00bb Albert Edward Day cit\u00e9 dans&nbsp;\u00ab&nbsp;How to...    <\/div>\n\n      <\/div>\n<\/div>\n<div class=\"resource-library-result clickable\">\n  <div class=\"rlr__image\">\n<a href=\"https:\/\/64fellowship.com\/fr\/library\/13-images-du-pardon-dans-les-ecritures\/\">\n    \n    <div class=\"rlr__icons\">\n        <\/div>\n<\/a>\n  <\/div>\n\n  <div class=\"rlr__text-container\">\n    <a href=\"https:\/\/64fellowship.com\/fr\/library\/13-images-du-pardon-dans-les-ecritures\/\">\n      <h3 class=\"rlr__title\">\n        13 images du pardon dans les \u00c9critures      <\/h3>\n    <\/a>\n\n    <em class=\"rlr__author\">By The 6:4 Fellowship<\/em>\n\n    <div class=\"rlr__excerpt\">\n      Parce que J\u00e9sus est Seigneur et Christ, qu\u2019il est mort pour mes p\u00e9ch\u00e9s, qu\u2019il est mort et qu\u2019il vit pour toujours, je sais par la foi qu\u2019en Christ\u2026 LE SEIGNEUR...    <\/div>\n\n      <\/div>\n<\/div>\n<\/div><\/div><\/div>\n\t\t\t\t\t\t<\/div>\n\t\t\t\t<\/div>\n\t\t\t\t<div class=\"elementor-element elementor-element-8f607bd elementor-widget elementor-widget-shortcode\" data-id=\"8f607bd\" data-element_type=\"widget\" data-e-type=\"widget\" data-widget_type=\"shortcode.default\">\n\t\t\t\t<div class=\"elementor-widget-container\">\n\t\t\t\t\t\t\t<div class=\"elementor-shortcode\"><div class=\"facetwp-facet facetwp-facet-library_pagination facetwp-type-pager\" data-name=\"library_pagination\" data-type=\"pager\"><\/div><\/div>\n\t\t\t\t\t\t<\/div>\n\t\t\t\t<\/div>\n\t\t\t\t\t<\/div>\n\t\t<\/div>\n\t\t\t\t\t<\/div>\n\t\t<\/section>\n\t\t\t\t\t<\/div>\n\t\t<\/div>\n\t\t\t\t\t<\/div>\n\t\t<\/section>\n\t\t\t\t<\/div>\n\t\t","protected":false},"excerpt":{"rendered":"<p>Biblioth\u00e8que de ressources \u00ab Nous apportons les outils, Dieu apporte la puissance ! \u00bb Rechercher des ressources View Filters Media types Reset Bookstore<\/p>\n","protected":false},"author":38,"featured_media":0,"parent":0,"menu_order":15,"comment_status":"closed","ping_status":"closed","template":"","meta":{"_acf_changed":false,"_seopress_robots_primary_cat":"","_seopress_titles_title":"Resource Library | The 6:4 Fellowship","_seopress_titles_desc":"The resource library offers pastors encouragement & spiritual motivation, tools for effective prayer leadership, and inspiration for dynamic preaching.","_seopress_robots_index":"yes","inline_featured_image":false,"footnotes":""},"access_level":[],"class_list":["post-120492","page","type-page","status-publish","hentry"],"acf":[],"_links":{"self":[{"href":"https:\/\/64fellowship.com\/fr\/wp-json\/wp\/v2\/pages\/120492","targetHints":{"allow":["GET"]}}],"collection":[{"href":"https:\/\/64fellowship.com\/fr\/wp-json\/wp\/v2\/pages"}],"about":[{"href":"https:\/\/64fellowship.com\/fr\/wp-json\/wp\/v2\/types\/page"}],"author":[{"embeddable":true,"href":"https:\/\/64fellowship.com\/fr\/wp-json\/wp\/v2\/users\/38"}],"replies":[{"embeddable":true,"href":"https:\/\/64fellowship.com\/fr\/wp-json\/wp\/v2\/comments?post=120492"}],"version-history":[{"count":0,"href":"https:\/\/64fellowship.com\/fr\/wp-json\/wp\/v2\/pages\/120492\/revisions"}],"wp:attachment":[{"href":"https:\/\/64fellowship.com\/fr\/wp-json\/wp\/v2\/media?parent=120492"}],"wp:term":[{"taxonomy":"access_level","embeddable":true,"href":"https:\/\/64fellowship.com\/fr\/wp-json\/wp\/v2\/access_level?post=120492"}],"curies":[{"name":"wp","href":"https:\/\/api.w.org\/{rel}","templated":true}]}}