{"id":60901,"date":"2021-01-29T17:10:31","date_gmt":"2021-01-30T00:10:31","guid":{"rendered":"https:\/\/64fellowship.com\/gracias\/"},"modified":"2023-07-26T11:10:21","modified_gmt":"2023-07-26T17:10:21","slug":"gracias","status":"publish","type":"page","link":"https:\/\/64fellowship.com\/es\/gracias\/","title":{"rendered":"Gracias"},"content":{"rendered":"\t\t<div data-elementor-type=\"wp-page\" data-elementor-id=\"60901\" class=\"elementor elementor-60901 elementor-6\" data-elementor-post-type=\"page\">\n\t\t\t\t\t\t<section class=\"ee-conditions--hidden elementor-section elementor-top-section elementor-element elementor-element-9377940 sp-t-250 elementor-section-height-full elementor-section-boxed elementor-section-height-default elementor-section-items-middle\" data-id=\"9377940\" data-element_type=\"section\" data-e-type=\"section\" data-settings=\"{&quot;background_background&quot;:&quot;classic&quot;,&quot;ee_display_conditions_enable&quot;:&quot;yes&quot;}\">\n\t\t\t\t\t\t\t<div class=\"elementor-background-overlay\"><\/div>\n\t\t\t\t\t\t\t<div class=\"elementor-container elementor-column-gap-default\">\n\t\t\t\t\t<div class=\"elementor-column elementor-col-100 elementor-top-column elementor-element elementor-element-807c318 cp-tb-xl cp-lr-xxl shadow-xxl mw-800\" data-id=\"807c318\" data-element_type=\"column\" data-e-type=\"column\" data-settings=\"{&quot;background_background&quot;:&quot;classic&quot;}\">\n\t\t\t<div class=\"elementor-widget-wrap elementor-element-populated\">\n\t\t\t\t\t\t<div class=\"elementor-element elementor-element-a9532ce elementor-widget elementor-widget-text-editor\" data-id=\"a9532ce\" data-element_type=\"widget\" data-e-type=\"widget\" data-widget_type=\"text-editor.default\">\n\t\t\t\t<div class=\"elementor-widget-container\">\n\t\t\t\t\t\t\t\t\t<h2>Hola , bienvenido a The 6:4 Fellowship.<\/h2>\n\t\t\t\t\t\t\t\t<\/div>\n\t\t\t\t<\/div>\n\t\t\t\t<div class=\"elementor-element elementor-element-218083b elementor-widget elementor-widget-text-editor\" data-id=\"218083b\" data-element_type=\"widget\" data-e-type=\"widget\" data-widget_type=\"text-editor.default\">\n\t\t\t\t<div class=\"elementor-widget-container\">\n\t\t\t\t\t\t\t\t\t<p>Un buen punto de partida es el Paquete de recursos introductorios 6:4.  <\/p>\n<ul>\n<li>Se encuentran en la parte inferior de la p\u00e1gina de inicio para que pueda acceder f\u00e1cilmente a ellos en cualquier momento.<\/li>\n<li>Consulte tambi\u00e9n nuestra Red de Ministerios Asociados para obtener m\u00e1s herramientas gratuitas<\/li>\n<\/ul>\n<p>Si quiere empezar por conectarse con un Grupo Regional, haga clic en el mapa.<\/p>\n\t\t\t\t\t\t\t\t<\/div>\n\t\t\t\t<\/div>\n\t\t\t\t<section class=\"elementor-section elementor-inner-section elementor-element elementor-element-8d15bae elementor-section-boxed elementor-section-height-default elementor-section-height-default\" data-id=\"8d15bae\" data-element_type=\"section\" data-e-type=\"section\">\n\t\t\t\t\t\t<div class=\"elementor-container elementor-column-gap-default\">\n\t\t\t\t\t<div class=\"elementor-column elementor-col-50 elementor-inner-column elementor-element elementor-element-157ab88\" data-id=\"157ab88\" data-element_type=\"column\" data-e-type=\"column\">\n\t\t\t<div class=\"elementor-widget-wrap elementor-element-populated\">\n\t\t\t\t\t\t<div class=\"elementor-element elementor-element-34a3a26 shadow-lg elementor-widget elementor-widget-image\" data-id=\"34a3a26\" data-element_type=\"widget\" data-e-type=\"widget\" data-widget_type=\"image.default\">\n\t\t\t\t<div class=\"elementor-widget-container\">\n\t\t\t\t\t\t\t\t\t\t\t\t\t\t\t\t<a href=\"https:\/\/64fellowship.com\/es\/inicio-miembro\/#irp\">\n\t\t\t\t\t\t\t<img fetchpriority=\"high\" decoding=\"async\" width=\"750\" height=\"750\" src=\"https:\/\/64fellowship.com\/wp-content\/uploads\/free-resource-library-750x750.jpg\" class=\"attachment-medium size-medium wp-image-15536\" alt=\"\" srcset=\"https:\/\/64fellowship.com\/wp-content\/uploads\/free-resource-library-750x750.jpg 750w, https:\/\/64fellowship.com\/wp-content\/uploads\/free-resource-library-500x500.jpg 500w, https:\/\/64fellowship.com\/wp-content\/uploads\/free-resource-library-768x767.jpg 768w, https:\/\/64fellowship.com\/wp-content\/uploads\/free-resource-library-1000x1000.jpg 1000w, https:\/\/64fellowship.com\/wp-content\/uploads\/free-resource-library.jpg 1265w\" sizes=\"(max-width: 750px) 100vw, 750px\" \/>\t\t\t\t\t\t\t\t<\/a>\n\t\t\t\t\t\t\t\t\t\t\t\t\t\t\t<\/div>\n\t\t\t\t<\/div>\n\t\t\t\t<div class=\"elementor-element elementor-element-740a2d7 btn-grow btn-collapse btn-outline i-primary m-t-sm elementor-align-right elementor-mobile-align-left elementor-widget elementor-widget-button\" data-id=\"740a2d7\" data-element_type=\"widget\" data-e-type=\"widget\" data-widget_type=\"button.default\">\n\t\t\t\t<div class=\"elementor-widget-container\">\n\t\t\t\t\t\t\t\t\t<div class=\"elementor-button-wrapper\">\n\t\t\t\t\t<a class=\"elementor-button elementor-button-link elementor-size-sm\" href=\"https:\/\/64fellowship.com\/es\/inicio-miembro\/#irp\">\n\t\t\t\t\t\t<span class=\"elementor-button-content-wrapper\">\n\t\t\t\t\t\t<span class=\"elementor-button-icon\">\n\t\t\t\t<svg xmlns=\"http:\/\/www.w3.org\/2000\/svg\" viewBox=\"0 0 14.5 7.36\"><path d=\"M14.35,3.33,11.17.15a.5.5,0,0,0-.71,0,.5.5,0,0,0,0,.7l2.33,2.33H0v1H12.79L10.46,6.51a.5.5,0,0,0,.71.71L14.35,4A.5.5,0,0,0,14.35,3.33Z\"><\/path><\/svg>\t\t\t<\/span>\n\t\t\t\t\t\t\t\t\t<span class=\"elementor-button-text\">6:4 Intro Resource Pack<\/span>\n\t\t\t\t\t<\/span>\n\t\t\t\t\t<\/a>\n\t\t\t\t<\/div>\n\t\t\t\t\t\t\t\t<\/div>\n\t\t\t\t<\/div>\n\t\t\t\t\t<\/div>\n\t\t<\/div>\n\t\t\t\t<div class=\"elementor-column elementor-col-50 elementor-inner-column elementor-element elementor-element-d49f72b\" data-id=\"d49f72b\" data-element_type=\"column\" data-e-type=\"column\">\n\t\t\t<div class=\"elementor-widget-wrap elementor-element-populated\">\n\t\t\t\t\t\t<div class=\"elementor-element elementor-element-30cbf9a shadow-lg elementor-widget elementor-widget-image\" data-id=\"30cbf9a\" data-element_type=\"widget\" data-e-type=\"widget\" data-widget_type=\"image.default\">\n\t\t\t\t<div class=\"elementor-widget-container\">\n\t\t\t\t\t\t\t\t\t\t\t\t\t\t\t\t<a href=\"https:\/\/64fellowship.com\/groups\/\">\n\t\t\t\t\t\t\t<img decoding=\"async\" width=\"750\" height=\"750\" src=\"https:\/\/64fellowship.com\/wp-content\/uploads\/Fence-World-Map-for-64-site-750x750.png\" class=\"attachment-medium size-medium wp-image-15753\" alt=\"\" srcset=\"https:\/\/64fellowship.com\/wp-content\/uploads\/Fence-World-Map-for-64-site.png 750w, https:\/\/64fellowship.com\/wp-content\/uploads\/Fence-World-Map-for-64-site-500x500.png 500w\" sizes=\"(max-width: 750px) 100vw, 750px\" \/>\t\t\t\t\t\t\t\t<\/a>\n\t\t\t\t\t\t\t\t\t\t\t\t\t\t\t<\/div>\n\t\t\t\t<\/div>\n\t\t\t\t<div class=\"elementor-element elementor-element-87a3889 btn-grow btn-collapse btn-outline i-primary m-t-sm elementor-align-right elementor-mobile-align-left elementor-widget elementor-widget-button\" data-id=\"87a3889\" data-element_type=\"widget\" data-e-type=\"widget\" data-widget_type=\"button.default\">\n\t\t\t\t<div class=\"elementor-widget-container\">\n\t\t\t\t\t\t\t\t\t<div class=\"elementor-button-wrapper\">\n\t\t\t\t\t<a class=\"elementor-button elementor-button-link elementor-size-sm\" href=\"https:\/\/64fellowship.com\/groups\/\">\n\t\t\t\t\t\t<span class=\"elementor-button-content-wrapper\">\n\t\t\t\t\t\t<span class=\"elementor-button-icon\">\n\t\t\t\t<svg xmlns=\"http:\/\/www.w3.org\/2000\/svg\" viewBox=\"0 0 14.5 7.36\"><path d=\"M14.35,3.33,11.17.15a.5.5,0,0,0-.71,0,.5.5,0,0,0,0,.7l2.33,2.33H0v1H12.79L10.46,6.51a.5.5,0,0,0,.71.71L14.35,4A.5.5,0,0,0,14.35,3.33Z\"><\/path><\/svg>\t\t\t<\/span>\n\t\t\t\t\t\t\t\t\t<span class=\"elementor-button-text\">Encuentre su grupo<\/span>\n\t\t\t\t\t<\/span>\n\t\t\t\t\t<\/a>\n\t\t\t\t<\/div>\n\t\t\t\t\t\t\t\t<\/div>\n\t\t\t\t<\/div>\n\t\t\t\t\t<\/div>\n\t\t<\/div>\n\t\t\t\t\t<\/div>\n\t\t<\/section>\n\t\t\t\t\t<\/div>\n\t\t<\/div>\n\t\t\t\t\t<\/div>\n\t\t<\/section>\n\t\t\t\t<\/div>\n\t\t","protected":false},"excerpt":{"rendered":"<p>Hola , bienvenido a The 6:4 Fellowship. Un buen punto de partida es el Paquete de recursos introductorios 6:4. Se encuentran en la parte inferior de la p\u00e1gina de inicio para que pueda acceder f\u00e1cilmente a ellos en cualquier momento. Consulte tambi\u00e9n nuestra Red de Ministerios Asociados para obtener m\u00e1s herramientas gratuitas Si quiere empezar [&hellip;]<\/p>\n","protected":false},"author":2,"featured_media":0,"parent":0,"menu_order":21,"comment_status":"closed","ping_status":"closed","template":"","meta":{"_acf_changed":false,"_seopress_robots_primary_cat":"","_seopress_titles_title":"","_seopress_titles_desc":"","_seopress_robots_index":"s\u00ed","inline_featured_image":false,"footnotes":""},"access_level":[2513],"class_list":["post-60901","page","type-page","status-publish","hentry","access_level-member-es"],"acf":[],"_links":{"self":[{"href":"https:\/\/64fellowship.com\/es\/wp-json\/wp\/v2\/pages\/60901","targetHints":{"allow":["GET"]}}],"collection":[{"href":"https:\/\/64fellowship.com\/es\/wp-json\/wp\/v2\/pages"}],"about":[{"href":"https:\/\/64fellowship.com\/es\/wp-json\/wp\/v2\/types\/page"}],"author":[{"embeddable":true,"href":"https:\/\/64fellowship.com\/es\/wp-json\/wp\/v2\/users\/2"}],"replies":[{"embeddable":true,"href":"https:\/\/64fellowship.com\/es\/wp-json\/wp\/v2\/comments?post=60901"}],"version-history":[{"count":0,"href":"https:\/\/64fellowship.com\/es\/wp-json\/wp\/v2\/pages\/60901\/revisions"}],"wp:attachment":[{"href":"https:\/\/64fellowship.com\/es\/wp-json\/wp\/v2\/media?parent=60901"}],"wp:term":[{"taxonomy":"access_level","embeddable":true,"href":"https:\/\/64fellowship.com\/es\/wp-json\/wp\/v2\/access_level?post=60901"}],"curies":[{"name":"wp","href":"https:\/\/api.w.org\/{rel}","templated":true}]}}