{"id":60893,"date":"2021-08-24T10:54:29","date_gmt":"2021-08-24T16:54:29","guid":{"rendered":"https:\/\/64fellowship.com\/coaching\/"},"modified":"2023-08-07T09:02:07","modified_gmt":"2023-08-07T15:02:07","slug":"coaching","status":"publish","type":"page","link":"https:\/\/64fellowship.com\/es\/coaching\/","title":{"rendered":"Coaching"},"content":{"rendered":"\t\t<div data-elementor-type=\"wp-page\" data-elementor-id=\"60893\" class=\"elementor elementor-60893 elementor-9085\" data-elementor-post-type=\"page\">\n\t\t\t\t\t\t<section class=\"elementor-section elementor-top-section elementor-element elementor-element-abe0cef elementor-section-boxed elementor-section-height-default elementor-section-height-default\" data-id=\"abe0cef\" data-element_type=\"section\" data-e-type=\"section\" data-settings=\"{&quot;background_background&quot;:&quot;classic&quot;}\">\n\t\t\t\t\t\t\t<div class=\"elementor-background-overlay\"><\/div>\n\t\t\t\t\t\t\t<div class=\"elementor-container elementor-column-gap-default\">\n\t\t\t\t\t<div class=\"elementor-column elementor-col-100 elementor-top-column elementor-element elementor-element-9b34817\" data-id=\"9b34817\" data-element_type=\"column\" data-e-type=\"column\">\n\t\t\t<div class=\"elementor-widget-wrap elementor-element-populated\">\n\t\t\t\t\t\t<div class=\"elementor-element elementor-element-a8c2071 elementor-widget elementor-widget-spacer\" data-id=\"a8c2071\" data-element_type=\"widget\" data-e-type=\"widget\" data-widget_type=\"spacer.default\">\n\t\t\t\t<div class=\"elementor-widget-container\">\n\t\t\t\t\t\t\t<div class=\"elementor-spacer\">\n\t\t\t<div class=\"elementor-spacer-inner\"><\/div>\n\t\t<\/div>\n\t\t\t\t\t\t<\/div>\n\t\t\t\t<\/div>\n\t\t\t\t<div class=\"elementor-element elementor-element-855ef32 elementor-widget elementor-widget-text-editor\" data-id=\"855ef32\" data-element_type=\"widget\" data-e-type=\"widget\" data-widget_type=\"text-editor.default\">\n\t\t\t\t<div class=\"elementor-widget-container\">\n\t\t\t\t\t\t\t\t\t<p>&#8220;Por la salud, la esperanza y la fuerza del Esp\u00edritu en el ministerio pastoral&#8221;.<\/p>\n\t\t\t\t\t\t\t\t<\/div>\n\t\t\t\t<\/div>\n\t\t\t\t<div class=\"elementor-element elementor-element-9cecb73 elementor-widget elementor-widget-spacer\" data-id=\"9cecb73\" data-element_type=\"widget\" data-e-type=\"widget\" data-widget_type=\"spacer.default\">\n\t\t\t\t<div class=\"elementor-widget-container\">\n\t\t\t\t\t\t\t<div class=\"elementor-spacer\">\n\t\t\t<div class=\"elementor-spacer-inner\"><\/div>\n\t\t<\/div>\n\t\t\t\t\t\t<\/div>\n\t\t\t\t<\/div>\n\t\t\t\t<section class=\"elementor-section elementor-inner-section elementor-element elementor-element-90aebb0 elementor-section-boxed elementor-section-height-default elementor-section-height-default\" data-id=\"90aebb0\" data-element_type=\"section\" data-e-type=\"section\" data-settings=\"{&quot;background_background&quot;:&quot;classic&quot;}\">\n\t\t\t\t\t\t<div class=\"elementor-container elementor-column-gap-default\">\n\t\t\t\t\t<div class=\"elementor-column elementor-col-50 elementor-inner-column elementor-element elementor-element-5bad15b\" data-id=\"5bad15b\" data-element_type=\"column\" data-e-type=\"column\">\n\t\t\t<div class=\"elementor-widget-wrap elementor-element-populated\">\n\t\t\t\t\t\t<div class=\"elementor-element elementor-element-90e50ba elementor-widget elementor-widget-image\" data-id=\"90e50ba\" data-element_type=\"widget\" data-e-type=\"widget\" data-settings=\"{&quot;motion_fx_motion_fx_scrolling&quot;:&quot;yes&quot;,&quot;motion_fx_translateY_effect&quot;:&quot;yes&quot;,&quot;motion_fx_translateY_speed&quot;:{&quot;unit&quot;:&quot;px&quot;,&quot;size&quot;:1.5,&quot;sizes&quot;:[]},&quot;motion_fx_translateY_affectedRange&quot;:{&quot;unit&quot;:&quot;%&quot;,&quot;size&quot;:&quot;&quot;,&quot;sizes&quot;:{&quot;start&quot;:46,&quot;end&quot;:58}},&quot;motion_fx_devices&quot;:[&quot;desktop&quot;,&quot;tablet&quot;,&quot;mobile&quot;]}\" data-widget_type=\"image.default\">\n\t\t\t\t<div class=\"elementor-widget-container\">\n\t\t\t\t\t\t\t\t\t\t\t\t\t\t\t\t<a href=\"https:\/\/64fellowship.com\/events\/praying-leader\/\">\n\t\t\t\t\t\t\t<img fetchpriority=\"high\" decoding=\"async\" width=\"500\" height=\"500\" src=\"https:\/\/64fellowship.com\/wp-content\/uploads\/The_Praying_Leader_Red_Square-500x500.png\" class=\"attachment-thumbnail size-thumbnail wp-image-62203\" alt=\"The Praying Leader Logo over a pastor with hands in the air\" srcset=\"https:\/\/64fellowship.com\/wp-content\/uploads\/The_Praying_Leader_Red_Square-500x500.png 500w, https:\/\/64fellowship.com\/wp-content\/uploads\/The_Praying_Leader_Red_Square-750x750.png 750w, https:\/\/64fellowship.com\/wp-content\/uploads\/The_Praying_Leader_Red_Square-768x768.png 768w, https:\/\/64fellowship.com\/wp-content\/uploads\/The_Praying_Leader_Red_Square-1000x1000.png 1000w, https:\/\/64fellowship.com\/wp-content\/uploads\/The_Praying_Leader_Red_Square.png 1080w\" sizes=\"(max-width: 500px) 100vw, 500px\" \/>\t\t\t\t\t\t\t\t<\/a>\n\t\t\t\t\t\t\t\t\t\t\t\t\t\t\t<\/div>\n\t\t\t\t<\/div>\n\t\t\t\t\t<\/div>\n\t\t<\/div>\n\t\t\t\t<div class=\"elementor-column elementor-col-50 elementor-inner-column elementor-element elementor-element-32915c6\" data-id=\"32915c6\" data-element_type=\"column\" data-e-type=\"column\">\n\t\t\t<div class=\"elementor-widget-wrap elementor-element-populated\">\n\t\t\t\t\t\t<div class=\"elementor-element elementor-element-7ad7738 elementor-widget elementor-widget-text-editor\" data-id=\"7ad7738\" data-element_type=\"widget\" data-e-type=\"widget\" data-widget_type=\"text-editor.default\">\n\t\t\t\t<div class=\"elementor-widget-container\">\n\t\t\t\t\t\t\t\t\t<h2>El l\u00edder orante<\/h2>\n<p>Dirija la transformaci\u00f3n en su iglesia desarrollando una cultura de oraci\u00f3n.<\/p>\n<p>La Experiencia de Entrenamiento del L\u00edder Orante le dar\u00e1 un camino b\u00edblico hacia el liderazgo espiritual que le capacita a usted y a su gente para un mayor ministerio evang\u00e9lico.<\/p>\n\t\t\t\t\t\t\t\t<\/div>\n\t\t\t\t<\/div>\n\t\t\t\t<div class=\"elementor-element elementor-element-8c898b0 elementor-widget elementor-widget-spacer\" data-id=\"8c898b0\" data-element_type=\"widget\" data-e-type=\"widget\" data-widget_type=\"spacer.default\">\n\t\t\t\t<div class=\"elementor-widget-container\">\n\t\t\t\t\t\t\t<div class=\"elementor-spacer\">\n\t\t\t<div class=\"elementor-spacer-inner\"><\/div>\n\t\t<\/div>\n\t\t\t\t\t\t<\/div>\n\t\t\t\t<\/div>\n\t\t\t\t<div class=\"elementor-element elementor-element-9e76a3f elementor-widget elementor-widget-button\" data-id=\"9e76a3f\" data-element_type=\"widget\" data-e-type=\"widget\" data-widget_type=\"button.default\">\n\t\t\t\t<div class=\"elementor-widget-container\">\n\t\t\t\t\t\t\t\t\t<div class=\"elementor-button-wrapper\">\n\t\t\t\t\t<a class=\"elementor-button elementor-button-link elementor-size-sm\" href=\"https:\/\/64fellowship.com\/events\/praying-leader\/\">\n\t\t\t\t\t\t<span class=\"elementor-button-content-wrapper\">\n\t\t\t\t\t\t\t\t\t<span class=\"elementor-button-text\">M\u00c1S INFORMACI\u00d3N<\/span>\n\t\t\t\t\t<\/span>\n\t\t\t\t\t<\/a>\n\t\t\t\t<\/div>\n\t\t\t\t\t\t\t\t<\/div>\n\t\t\t\t<\/div>\n\t\t\t\t\t<\/div>\n\t\t<\/div>\n\t\t\t\t\t<\/div>\n\t\t<\/section>\n\t\t\t\t<div class=\"elementor-element elementor-element-40c171e elementor-widget elementor-widget-spacer\" data-id=\"40c171e\" data-element_type=\"widget\" data-e-type=\"widget\" data-widget_type=\"spacer.default\">\n\t\t\t\t<div class=\"elementor-widget-container\">\n\t\t\t\t\t\t\t<div class=\"elementor-spacer\">\n\t\t\t<div class=\"elementor-spacer-inner\"><\/div>\n\t\t<\/div>\n\t\t\t\t\t\t<\/div>\n\t\t\t\t<\/div>\n\t\t\t\t\t<\/div>\n\t\t<\/div>\n\t\t\t\t\t<\/div>\n\t\t<\/section>\n\t\t\t\t<section class=\"elementor-section elementor-top-section elementor-element elementor-element-89dcbce elementor-section-boxed elementor-section-height-default elementor-section-height-default\" data-id=\"89dcbce\" data-element_type=\"section\" data-e-type=\"section\" data-settings=\"{&quot;background_background&quot;:&quot;classic&quot;}\">\n\t\t\t\t\t\t\t<div class=\"elementor-background-overlay\"><\/div>\n\t\t\t\t\t\t\t<div class=\"elementor-container elementor-column-gap-default\">\n\t\t\t\t\t<div class=\"elementor-column elementor-col-100 elementor-top-column elementor-element elementor-element-90ccc32\" data-id=\"90ccc32\" data-element_type=\"column\" data-e-type=\"column\" data-settings=\"{&quot;background_background&quot;:&quot;classic&quot;}\">\n\t\t\t<div class=\"elementor-widget-wrap elementor-element-populated\">\n\t\t\t\t\t\t<section class=\"elementor-section elementor-inner-section elementor-element elementor-element-43c6f2f elementor-section-boxed elementor-section-height-default elementor-section-height-default\" data-id=\"43c6f2f\" data-element_type=\"section\" data-e-type=\"section\" data-settings=\"{&quot;background_background&quot;:&quot;classic&quot;}\">\n\t\t\t\t\t\t<div class=\"elementor-container elementor-column-gap-default\">\n\t\t\t\t\t<div class=\"elementor-column elementor-col-50 elementor-inner-column elementor-element elementor-element-34eaf82\" data-id=\"34eaf82\" data-element_type=\"column\" data-e-type=\"column\">\n\t\t\t<div class=\"elementor-widget-wrap elementor-element-populated\">\n\t\t\t\t\t\t<div class=\"elementor-element elementor-element-8e31435 elementor-widget elementor-widget-image\" data-id=\"8e31435\" data-element_type=\"widget\" data-e-type=\"widget\" data-settings=\"{&quot;motion_fx_motion_fx_scrolling&quot;:&quot;yes&quot;,&quot;motion_fx_translateY_effect&quot;:&quot;yes&quot;,&quot;motion_fx_translateY_speed&quot;:{&quot;unit&quot;:&quot;px&quot;,&quot;size&quot;:1.5,&quot;sizes&quot;:[]},&quot;motion_fx_translateY_affectedRange&quot;:{&quot;unit&quot;:&quot;%&quot;,&quot;size&quot;:&quot;&quot;,&quot;sizes&quot;:{&quot;start&quot;:46,&quot;end&quot;:59}},&quot;motion_fx_devices&quot;:[&quot;desktop&quot;,&quot;tablet&quot;,&quot;mobile&quot;]}\" data-widget_type=\"image.default\">\n\t\t\t\t<div class=\"elementor-widget-container\">\n\t\t\t\t\t\t\t\t\t\t\t\t\t\t\t\t<a href=\"https:\/\/64fellowship.com\/events\/ministry-marriage-coaching\/\">\n\t\t\t\t\t\t\t<img decoding=\"async\" width=\"800\" height=\"534\" src=\"https:\/\/64fellowship.com\/wp-content\/uploads\/Ministry-Marriage-Coaching-Theme-Graphic-Base.jpg\" class=\"attachment-large size-large wp-image-15717\" alt=\"\" srcset=\"https:\/\/64fellowship.com\/wp-content\/uploads\/Ministry-Marriage-Coaching-Theme-Graphic-Base.jpg 1024w, https:\/\/64fellowship.com\/wp-content\/uploads\/Ministry-Marriage-Coaching-Theme-Graphic-Base-750x500.jpg 750w, https:\/\/64fellowship.com\/wp-content\/uploads\/Ministry-Marriage-Coaching-Theme-Graphic-Base-768x512.jpg 768w\" sizes=\"(max-width: 800px) 100vw, 800px\" \/>\t\t\t\t\t\t\t\t<\/a>\n\t\t\t\t\t\t\t\t\t\t\t\t\t\t\t<\/div>\n\t\t\t\t<\/div>\n\t\t\t\t\t<\/div>\n\t\t<\/div>\n\t\t\t\t<div class=\"elementor-column elementor-col-50 elementor-inner-column elementor-element elementor-element-d273ead\" data-id=\"d273ead\" data-element_type=\"column\" data-e-type=\"column\">\n\t\t\t<div class=\"elementor-widget-wrap elementor-element-populated\">\n\t\t\t\t\t\t<div class=\"elementor-element elementor-element-55fad3c elementor-widget elementor-widget-text-editor\" data-id=\"55fad3c\" data-element_type=\"widget\" data-e-type=\"widget\" data-widget_type=\"text-editor.default\">\n\t\t\t\t<div class=\"elementor-widget-container\">\n\t\t\t\t\t\t\t\t\t<h2>Ministerio Tutor\u00eda matrimonial<\/h2>\n<p>Todos sabemos que las parejas ministeriales y sus hijos corren peligro. Las estad\u00edsticas nos dicen que demasiados pastores abandonan el ministerio cada a\u00f1o, muchas veces debido a problemas relacionados con su matrimonio. Las prioridades desalineadas, las expectativas poco razonables, la falta de consejo y ayuda conducen a un final devastador tanto del ministerio como del matrimonio. Estas son algunas de las razones por las que The 6:4 Fellowship ofrece el Ministerio de Tutor\u00eda Matrimonial.<\/p>\n\t\t\t\t\t\t\t\t<\/div>\n\t\t\t\t<\/div>\n\t\t\t\t<div class=\"elementor-element elementor-element-335731e elementor-widget elementor-widget-button\" data-id=\"335731e\" data-element_type=\"widget\" data-e-type=\"widget\" data-widget_type=\"button.default\">\n\t\t\t\t<div class=\"elementor-widget-container\">\n\t\t\t\t\t\t\t\t\t<div class=\"elementor-button-wrapper\">\n\t\t\t\t\t<a class=\"elementor-button elementor-button-link elementor-size-sm\" href=\"https:\/\/64fellowship.com\/events\/ministry-marriage-coaching\/\">\n\t\t\t\t\t\t<span class=\"elementor-button-content-wrapper\">\n\t\t\t\t\t\t\t\t\t<span class=\"elementor-button-text\">M\u00c1S INFORMACI\u00d3N<\/span>\n\t\t\t\t\t<\/span>\n\t\t\t\t\t<\/a>\n\t\t\t\t<\/div>\n\t\t\t\t\t\t\t\t<\/div>\n\t\t\t\t<\/div>\n\t\t\t\t\t<\/div>\n\t\t<\/div>\n\t\t\t\t\t<\/div>\n\t\t<\/section>\n\t\t\t\t\t<\/div>\n\t\t<\/div>\n\t\t\t\t\t<\/div>\n\t\t<\/section>\n\t\t\t\t<section class=\"elementor-section elementor-top-section elementor-element elementor-element-566002c elementor-section-boxed elementor-section-height-default elementor-section-height-default\" data-id=\"566002c\" data-element_type=\"section\" data-e-type=\"section\">\n\t\t\t\t\t\t<div class=\"elementor-container elementor-column-gap-default\">\n\t\t\t\t\t<div class=\"elementor-column elementor-col-100 elementor-top-column elementor-element elementor-element-f820fba\" data-id=\"f820fba\" data-element_type=\"column\" data-e-type=\"column\" data-settings=\"{&quot;background_background&quot;:&quot;classic&quot;}\">\n\t\t\t<div class=\"elementor-widget-wrap\">\n\t\t\t\t\t\t\t<\/div>\n\t\t<\/div>\n\t\t\t\t\t<\/div>\n\t\t<\/section>\n\t\t\t\t<\/div>\n\t\t","protected":false},"excerpt":{"rendered":"<p>&#8220;Por la salud, la esperanza y la fuerza del Esp\u00edritu en el ministerio pastoral&#8221;. El l\u00edder orante Dirija la transformaci\u00f3n en su iglesia desarrollando una cultura de oraci\u00f3n. La Experiencia de Entrenamiento del L\u00edder Orante le dar\u00e1 un camino b\u00edblico hacia el liderazgo espiritual que le capacita a usted y a su gente para un [&hellip;]<\/p>\n","protected":false},"author":1158,"featured_media":0,"parent":0,"menu_order":8,"comment_status":"closed","ping_status":"closed","template":"elementor_theme","meta":{"_acf_changed":false,"_seopress_robots_primary_cat":"","_seopress_titles_title":"","_seopress_titles_desc":"","_seopress_robots_index":"","inline_featured_image":false,"footnotes":""},"access_level":[],"class_list":["post-60893","page","type-page","status-publish","hentry"],"acf":[],"_links":{"self":[{"href":"https:\/\/64fellowship.com\/es\/wp-json\/wp\/v2\/pages\/60893","targetHints":{"allow":["GET"]}}],"collection":[{"href":"https:\/\/64fellowship.com\/es\/wp-json\/wp\/v2\/pages"}],"about":[{"href":"https:\/\/64fellowship.com\/es\/wp-json\/wp\/v2\/types\/page"}],"author":[{"embeddable":true,"href":"https:\/\/64fellowship.com\/es\/wp-json\/wp\/v2\/users\/1158"}],"replies":[{"embeddable":true,"href":"https:\/\/64fellowship.com\/es\/wp-json\/wp\/v2\/comments?post=60893"}],"version-history":[{"count":0,"href":"https:\/\/64fellowship.com\/es\/wp-json\/wp\/v2\/pages\/60893\/revisions"}],"wp:attachment":[{"href":"https:\/\/64fellowship.com\/es\/wp-json\/wp\/v2\/media?parent=60893"}],"wp:term":[{"taxonomy":"access_level","embeddable":true,"href":"https:\/\/64fellowship.com\/es\/wp-json\/wp\/v2\/access_level?post=60893"}],"curies":[{"name":"wp","href":"https:\/\/api.w.org\/{rel}","templated":true}]}}