{"id":60892,"date":"2022-02-23T14:20:16","date_gmt":"2022-02-23T21:20:16","guid":{"rendered":"https:\/\/64fellowship.com\/contenido-del-encuentro-nacional\/"},"modified":"2023-07-26T11:10:19","modified_gmt":"2023-07-26T17:10:19","slug":"contenido-del-encuentro-nacional","status":"publish","type":"page","link":"https:\/\/64fellowship.com\/es\/contenido-del-encuentro-nacional\/","title":{"rendered":"Contenido del Encuentro Nacional"},"content":{"rendered":"\t\t<div data-elementor-type=\"wp-page\" data-elementor-id=\"60892\" class=\"elementor elementor-60892 elementor-12238\" data-elementor-post-type=\"page\">\n\t\t\t\t\t\t<section class=\"elementor-section elementor-top-section elementor-element elementor-element-e7d24b3 elementor-section-boxed elementor-section-height-default elementor-section-height-default\" data-id=\"e7d24b3\" data-element_type=\"section\" data-e-type=\"section\">\n\t\t\t\t\t\t\t<div class=\"elementor-background-overlay\"><\/div>\n\t\t\t\t\t\t\t<div class=\"elementor-container elementor-column-gap-default\">\n\t\t\t\t\t<div class=\"elementor-column elementor-col-100 elementor-top-column elementor-element elementor-element-f316bde\" data-id=\"f316bde\" data-element_type=\"column\" data-e-type=\"column\">\n\t\t\t<div class=\"elementor-widget-wrap elementor-element-populated\">\n\t\t\t\t\t\t<div class=\"elementor-element elementor-element-53588a5 elementor-widget elementor-widget-spacer\" data-id=\"53588a5\" data-element_type=\"widget\" data-e-type=\"widget\" data-widget_type=\"spacer.default\">\n\t\t\t\t<div class=\"elementor-widget-container\">\n\t\t\t\t\t\t\t<div class=\"elementor-spacer\">\n\t\t\t<div class=\"elementor-spacer-inner\"><\/div>\n\t\t<\/div>\n\t\t\t\t\t\t<\/div>\n\t\t\t\t<\/div>\n\t\t\t\t<div class=\"elementor-element elementor-element-5ad8703 elementor-widget elementor-widget-heading\" data-id=\"5ad8703\" data-element_type=\"widget\" data-e-type=\"widget\" data-widget_type=\"heading.default\">\n\t\t\t\t<div class=\"elementor-widget-container\">\n\t\t\t\t\t<h1 class=\"elementor-heading-title elementor-size-default\">Bienvenido al contenido de  <br>El despertar 6:7<\/h1>\t\t\t\t<\/div>\n\t\t\t\t<\/div>\n\t\t\t\t<div class=\"elementor-element elementor-element-60aaa3b elementor-widget elementor-widget-text-editor\" data-id=\"60aaa3b\" data-element_type=\"widget\" data-e-type=\"widget\" data-widget_type=\"text-editor.default\">\n\t\t\t\t<div class=\"elementor-widget-container\">\n\t\t\t\t\t\t\t\t\t<p>Encuentro internacional de la Fraternidad 6:4<\/p>\n\t\t\t\t\t\t\t\t<\/div>\n\t\t\t\t<\/div>\n\t\t\t\t<section class=\"elementor-section elementor-inner-section elementor-element elementor-element-c111be5 elementor-section-boxed elementor-section-height-default elementor-section-height-default\" data-id=\"c111be5\" data-element_type=\"section\" data-e-type=\"section\" data-settings=\"{&quot;background_background&quot;:&quot;classic&quot;}\">\n\t\t\t\t\t\t<div class=\"elementor-container elementor-column-gap-default\">\n\t\t\t\t\t<div class=\"elementor-column elementor-col-100 elementor-inner-column elementor-element elementor-element-3f286bb\" data-id=\"3f286bb\" data-element_type=\"column\" data-e-type=\"column\">\n\t\t\t<div class=\"elementor-widget-wrap elementor-element-populated\">\n\t\t\t\t\t\t<div class=\"elementor-element elementor-element-6aa7e26 elementor-widget elementor-widget-text-editor\" data-id=\"6aa7e26\" data-element_type=\"widget\" data-e-type=\"widget\" data-widget_type=\"text-editor.default\">\n\t\t\t\t<div class=\"elementor-widget-container\">\n\t\t\t\t\t\t\t\t\t<p>Gracias por su inter\u00e9s en ver nuestro Encuentro Internacional 2023 desde Calgary, AB, Canad\u00e1. Cada una de las sesiones plenarias se retransmitir\u00e1 en directo (el horario se incluir\u00e1 en la p\u00e1gina de visionado).<\/p>\n<p>S\u00f3lo tiene que rellenar el siguiente formulario y recibir\u00e1 un c\u00f3digo y una URL para este contenido en otra p\u00e1gina de este sitio. (las grabaciones de las sesiones tambi\u00e9n se subir\u00e1n a la p\u00e1gina mencionada despu\u00e9s del evento)<\/p>\n\t\t\t\t\t\t\t\t<\/div>\n\t\t\t\t<\/div>\n\t\t\t\t\t<\/div>\n\t\t<\/div>\n\t\t\t\t\t<\/div>\n\t\t<\/section>\n\t\t\t\t\t<\/div>\n\t\t<\/div>\n\t\t\t\t\t<\/div>\n\t\t<\/section>\n\t\t\t\t<section class=\"elementor-section elementor-top-section elementor-element elementor-element-ea9cc35 elementor-section-boxed elementor-section-height-default elementor-section-height-default\" data-id=\"ea9cc35\" data-element_type=\"section\" data-e-type=\"section\">\n\t\t\t\t\t\t<div class=\"elementor-container elementor-column-gap-default\">\n\t\t\t\t\t<div class=\"elementor-column elementor-col-100 elementor-top-column elementor-element elementor-element-208e117\" data-id=\"208e117\" data-element_type=\"column\" data-e-type=\"column\">\n\t\t\t<div class=\"elementor-widget-wrap elementor-element-populated\">\n\t\t\t\t\t\t<div class=\"elementor-element elementor-element-29fef31 pp-gravity-form-button-custom pp-gravity-form-pagination-buttons-auto elementor-widget elementor-widget-pp-gravity-forms\" data-id=\"29fef31\" data-element_type=\"widget\" data-e-type=\"widget\" data-widget_type=\"pp-gravity-forms.default\">\n\t\t\t\t<div class=\"elementor-widget-container\">\n\t\t\t\t\t\t\t\t\t<div class=\"pp-contact-form pp-gravity-form\">\n\t\t\t\t\t\t\t\t\t\t<script>\nvar gform;gform||(document.addEventListener(\"gform_main_scripts_loaded\",function(){gform.scriptsLoaded=!0}),document.addEventListener(\"gform\/theme\/scripts_loaded\",function(){gform.themeScriptsLoaded=!0}),window.addEventListener(\"DOMContentLoaded\",function(){gform.domLoaded=!0}),gform={domLoaded:!1,scriptsLoaded:!1,themeScriptsLoaded:!1,isFormEditor:()=>\"function\"==typeof InitializeEditor,callIfLoaded:function(o){return!(!gform.domLoaded||!gform.scriptsLoaded||!gform.themeScriptsLoaded&&!gform.isFormEditor()||(gform.isFormEditor()&&console.warn(\"The use of gform.initializeOnLoaded() is deprecated in the form editor context and will be removed in Gravity Forms 3.1.\"),o(),0))},initializeOnLoaded:function(o){gform.callIfLoaded(o)||(document.addEventListener(\"gform_main_scripts_loaded\",()=>{gform.scriptsLoaded=!0,gform.callIfLoaded(o)}),document.addEventListener(\"gform\/theme\/scripts_loaded\",()=>{gform.themeScriptsLoaded=!0,gform.callIfLoaded(o)}),window.addEventListener(\"DOMContentLoaded\",()=>{gform.domLoaded=!0,gform.callIfLoaded(o)}))},hooks:{action:{},filter:{}},addAction:function(o,r,e,t){gform.addHook(\"action\",o,r,e,t)},addFilter:function(o,r,e,t){gform.addHook(\"filter\",o,r,e,t)},doAction:function(o){gform.doHook(\"action\",o,arguments)},applyFilters:function(o){return gform.doHook(\"filter\",o,arguments)},removeAction:function(o,r){gform.removeHook(\"action\",o,r)},removeFilter:function(o,r,e){gform.removeHook(\"filter\",o,r,e)},addHook:function(o,r,e,t,n){null==gform.hooks[o][r]&&(gform.hooks[o][r]=[]);var d=gform.hooks[o][r];null==n&&(n=r+\"_\"+d.length),gform.hooks[o][r].push({tag:n,callable:e,priority:t=null==t?10:t})},doHook:function(r,o,e){var t;if(e=Array.prototype.slice.call(e,1),null!=gform.hooks[r][o]&&((o=gform.hooks[r][o]).sort(function(o,r){return o.priority-r.priority}),o.forEach(function(o){\"function\"!=typeof(t=o.callable)&&(t=window[t]),\"action\"==r?t.apply(null,e):e[0]=t.apply(null,e)})),\"filter\"==r)return e[0]},removeHook:function(o,r,t,n){var e;null!=gform.hooks[o][r]&&(e=(e=gform.hooks[o][r]).filter(function(o,r,e){return!!(null!=n&&n!=o.tag||null!=t&&t!=o.priority)}),gform.hooks[o][r]=e)}});\n<\/script>\n\n                <div class='gf_browser_gecko gform_wrapper gravity-theme gform-theme--no-framework' data-form-theme='gravity-theme' data-form-index='0' id='gform_wrapper_56' >\n                        <div class='gform_heading'>\n                            <h2 class=\"gform_title\">The 6:7 Awakening 2023 Recorded Content - Register and Pay<\/h2>\n                            <p class='gform_description'>Registration includes access to a 6:4 page containing some recordings from the International Prayer Conference in Calgary, The 6:7 Awakening. The link and password for this page will be emailed to you upon registration. This access is intended for individual use.<\/p>\n                        <\/div><form method='post' enctype='multipart\/form-data'  id='gform_56'  action='\/es\/wp-json\/wp\/v2\/pages\/60892' data-formid='56' novalidate>\n                        <div class='gform-body gform_body'><div id='gform_fields_56' class='gform_fields top_label form_sublabel_below description_below validation_below'><fieldset id=\"field_56_5\" class=\"gfield gfield--type-name gfield_contains_required field_sublabel_below gfield--no-description field_description_below field_validation_below gfield_visibility_visible\"  ><legend class='gfield_label gform-field-label gfield_label_before_complex' >Name<span class=\"gfield_required\"><span class=\"gfield_required gfield_required_text\">(Obligatorio)<\/span><\/span><\/legend><div class='ginput_complex ginput_container ginput_container--name no_prefix has_first_name no_middle_name has_last_name no_suffix gf_name_has_2 ginput_container_name gform-grid-row' id='input_56_5'>\n                            \n                            <span id='input_56_5_3_container' class='name_first gform-grid-col gform-grid-col--size-auto' >\n                                                    <input type='text' name='input_5.3' id='input_56_5_3' value=''   aria-required='true'     \/>\n                                                    <label for='input_56_5_3' class='gform-field-label gform-field-label--type-sub '>Nombre<\/label>\n                                                <\/span>\n                            \n                            <span id='input_56_5_6_container' class='name_last gform-grid-col gform-grid-col--size-auto' >\n                                                    <input type='text' name='input_5.6' id='input_56_5_6' value=''   aria-required='true'     \/>\n                                                    <label for='input_56_5_6' class='gform-field-label gform-field-label--type-sub '>Apellidos<\/label>\n                                                <\/span>\n                            \n                        <\/div><\/fieldset><div id=\"field_56_3\" class=\"gfield gfield--type-email gfield_contains_required field_sublabel_below gfield--no-description field_description_below field_validation_below gfield_visibility_visible\"  ><label class='gfield_label gform-field-label' for='input_56_3'>Email<span class=\"gfield_required\"><span class=\"gfield_required gfield_required_text\">(Obligatorio)<\/span><\/span><\/label><div class='ginput_container ginput_container_email'>\n                            <input name='input_3' id='input_56_3' type='email' value='' class='medium'    aria-required=\"true\" aria-invalid=\"false\"  \/>\n                        <\/div><\/div><div id=\"field_56_7\" class=\"gfield gfield--type-phone field_sublabel_below gfield--no-description field_description_below field_validation_below gfield_visibility_visible\"  ><label class='gfield_label gform-field-label' for='input_56_7'>Phone<\/label><div class='ginput_container ginput_container_phone'><input name='input_7' id='input_56_7' type='tel' value='' class='medium'    aria-invalid=\"false\"   \/><\/div><\/div><div id=\"field_56_13\" class=\"gfield gfield--type-section gsection field_sublabel_below gfield--no-description field_description_below field_validation_below gfield_visibility_visible\"  ><h3 class=\"gsection_title\">Payment<\/h3><\/div><div id=\"field_56_11\" class=\"gfield gfield--type-product gfield--input-type-singleproduct gfield_price gfield_price_56_11 gfield_product_56_11 gfield_contains_required field_sublabel_below gfield--no-description field_description_below field_validation_below gfield_visibility_visible\"  ><label class='gfield_label gform-field-label gfield_label_before_complex' for='input_56_11_1'>Registration Price<span class=\"gfield_required\"><span class=\"gfield_required gfield_required_text\">(Obligatorio)<\/span><\/span><\/label><div class='ginput_container ginput_container_singleproduct'>\n\t\t\t\t\t<input type='hidden' name='input_11.1' value='Registration Price' class='gform_hidden' \/>\n\t\t\t\t\t<div id='ginput_product_price_56_11' class='ginput_product_price_wrapper'>\n\t\t\t\t\t\t<label for='ginput_base_price_56_11' class='gform-field-label gform-field-label--type-sub-large ginput_product_price_label'>Precio:<\/label>\n\t\t\t\t\t\t<input type='text' readonly class='ginput_product_price gform-text-input-reset' name='input_11.2' id='ginput_base_price_56_11' value='$49.95' aria-label='Registration Price Precio'  \/>\n\t\t\t\t\t<\/div>\n\t\t\t\t\t<input type='hidden' name='input_11.3' value='1' class='ginput_quantity_56_11 gform_hidden' \/>\n\t\t\t\t<\/div><\/div><div id=\"field_56_9\" class=\"gfield gfield--type-stripe_creditcard field_sublabel_below gfield--no-description field_description_below field_validation_below gfield_visibility_visible gfield--type-stripe_creditcard-card\"  ><label class='gfield_label gfield_label_before_complex gform-field-label' for='input_56_9_1'>Credit Card<\/label><div class='ginput_complex ginput_container ginput_container_creditcard ginput_stripe_creditcard gform-grid-row' id='input_56_9'><div class='ginput_full gform-grid-col' id='input_56_9_1_container' data-payment-element='false'><div id='input_56_9_1' class='gform-theme-field-control StripeElement--card'><\/div><label for='input_56_9_1' id='input_56_9_1_label' class='gform-field-label gform-field-label--type-sub'>Detalles de la tarjeta<\/label><\/div><!-- .ginput_full --><div class='ginput_full gform-grid-col' id='input_56_9_5_container'>\r\n\t\t\t\t\t<input type='text' name='input_9.5' id='input_56_9_5' value=''>\r\n\t\t\t\t\t<label for='input_56_9_5' id='input_56_9_5_label' class='gform-field-label gform-field-label--type-sub'>Nombre del titular<\/label>\r\n\t\t\t\t<\/div><\/div><!-- .ginput_container -->\r\n\t\t\t<style type=\"text\/css\">\r\n\t\t\t\t:root {\r\n  \t\t\t\t\t--link-login-string: \"Enlace de acceso\"\r\n\t\t\t\t}\r\n\t\t\t<\/style><\/div><div id=\"field_56_10\" class=\"gfield gfield--type-total gfield_price gfield_price_56_ gfield_total gfield_total_56_ field_sublabel_below gfield--no-description field_description_below field_validation_below gfield_visibility_visible\"  aria-atomic=\"true\" aria-live=\"polite\" ><label class='gfield_label gform-field-label' for='input_56_10'>Total<\/label><div class='ginput_container ginput_container_total'>\n\t\t\t\t\t\t\t<input type='text' readonly name='input_10' id='input_56_10' value='$0.00' class='gform-text-input-reset ginput_total ginput_total_56' \/>\n\t\t\t\t\t\t<\/div><\/div><div id=\"field_56_12\" class=\"gfield gfield--type-html gfield_html gfield_html_formatted gfield_no_follows_desc field_sublabel_below gfield--no-description field_description_below field_validation_below gfield_visibility_visible\"  ><\/div><\/div><\/div>\n        <div class='gform-footer gform_footer top_label'> <input type='submit' id='gform_submit_button_56' class='gform_button button' onclick='gform.submission.handleButtonClick(this);' data-submission-type='submit' value='Register'  \/> \n            <input type='hidden' class='gform_hidden' name='gform_submission_method' data-js='gform_submission_method_56' value='postback' \/>\n            <input type='hidden' class='gform_hidden' name='gform_theme' data-js='gform_theme_56' id='gform_theme_56' value='gravity-theme' \/>\n            <input type='hidden' class='gform_hidden' name='gform_style_settings' data-js='gform_style_settings_56' id='gform_style_settings_56' value='[]' \/>\n            <input type='hidden' class='gform_hidden' name='is_submit_56' value='1' \/>\n            <input type='hidden' class='gform_hidden' name='gform_submit' value='56' \/>\n            \n            <input type='hidden' class='gform_hidden' name='gform_currency' data-currency='USD' value='aKdD0vQMUB4y\/Ilau+yJbHOQKLylYtDloUoT3xl2gpV1aXHEXj6CoiuRIeXUtpEAZfV\/Yy8lNydlkPyhFThmvYaZDeLaP6RKVg5Wz5Mma5Z9KnA=' \/>\n            <input type='hidden' class='gform_hidden' name='gform_unique_id' value='' \/>\n            <input type='hidden' class='gform_hidden' name='state_56' value='WyJ7XCIxMS4xXCI6XCJlMjA4N2ZjY2M4ZDBkNDNhOGRkMDhmOTc5Nzk4NTA4NVwiLFwiMTEuMlwiOlwiMzcyMjE2M2U5MmIwYjE2OTgyMjgwYjkxY2QyNDY3OGVcIn0iLCIyNzhkNDA5NjBmMGU4MWYzMmQ2YzQ2M2U1OWM2N2EwZCJd' \/>\n            <input type='hidden' autocomplete='off' class='gform_hidden' name='gform_target_page_number_56' id='gform_target_page_number_56' value='0' \/>\n            <input type='hidden' autocomplete='off' class='gform_hidden' name='gform_source_page_number_56' id='gform_source_page_number_56' value='1' \/>\n            <input type='hidden' name='gform_field_values' value='' \/>\n            \n        <\/div>\n                        <\/form>\n                        <\/div><script>\ngform.initializeOnLoaded( function() {gformInitSpinner( 56, 'https:\/\/64fellowship.com\/wp-content\/plugins\/gravityforms\/images\/spinner.svg', true );jQuery('#gform_ajax_frame_56').on('load',function(){var contents = jQuery(this).contents().find('*').html();var is_postback = contents.indexOf('GF_AJAX_POSTBACK') >= 0;if(!is_postback){return;}var form_content = jQuery(this).contents().find('#gform_wrapper_56');var is_confirmation = jQuery(this).contents().find('#gform_confirmation_wrapper_56').length > 0;var is_redirect = contents.indexOf('gformRedirect(){') >= 0;var is_form = form_content.length > 0 && ! is_redirect && ! is_confirmation;var mt = parseInt(jQuery('html').css('margin-top'), 10) + parseInt(jQuery('body').css('margin-top'), 10) + 100;if(is_form){jQuery('#gform_wrapper_56').html(form_content.html());if(form_content.hasClass('gform_validation_error')){jQuery('#gform_wrapper_56').addClass('gform_validation_error');} else {jQuery('#gform_wrapper_56').removeClass('gform_validation_error');}setTimeout( function() { \/* delay the scroll by 50 milliseconds to fix a bug in chrome *\/  }, 50 );if(window['gformInitDatepicker']) {gformInitDatepicker();}if(window['gformInitPriceFields']) {gformInitPriceFields();}var current_page = jQuery('#gform_source_page_number_56').val();gformInitSpinner( 56, 'https:\/\/64fellowship.com\/wp-content\/plugins\/gravityforms\/images\/spinner.svg', true );jQuery(document).trigger('gform_page_loaded', [56, current_page]);window['gf_submitting_56'] = false;}else if(!is_redirect){var confirmation_content = jQuery(this).contents().find('.GF_AJAX_POSTBACK').html();if(!confirmation_content){confirmation_content = contents;}jQuery('#gform_wrapper_56').replaceWith(confirmation_content);jQuery(document).trigger('gform_confirmation_loaded', [56]);window['gf_submitting_56'] = false;wp.a11y.speak(jQuery('#gform_confirmation_message_56').text());}else{jQuery('#gform_56').append(contents);if(window['gformRedirect']) {gformRedirect();}}jQuery(document).trigger(\"gform_pre_post_render\", [{ formId: \"56\", currentPage: \"current_page\", abort: function() { this.preventDefault(); } }]);        if (event && event.defaultPrevented) {                return;        }        const gformWrapperDiv = document.getElementById( \"gform_wrapper_56\" );        if ( gformWrapperDiv ) {            const visibilitySpan = document.createElement( \"span\" );            visibilitySpan.id = \"gform_visibility_test_56\";            gformWrapperDiv.insertAdjacentElement( \"afterend\", visibilitySpan );        }        const visibilityTestDiv = document.getElementById( \"gform_visibility_test_56\" );        let postRenderFired = false;        function triggerPostRender() {            if ( postRenderFired ) {                return;            }            postRenderFired = true;            gform.core.triggerPostRenderEvents( 56, current_page );            if ( visibilityTestDiv ) {                visibilityTestDiv.parentNode.removeChild( visibilityTestDiv );            }        }        function debounce( func, wait, immediate ) {            var timeout;            return function() {                var context = this, args = arguments;                var later = function() {                    timeout = null;                    if ( !immediate ) func.apply( context, args );                };                var callNow = immediate && !timeout;                clearTimeout( timeout );                timeout = setTimeout( later, wait );                if ( callNow ) func.apply( context, args );            };        }        const debouncedTriggerPostRender = debounce( function() {            triggerPostRender();        }, 200 );        if ( visibilityTestDiv && visibilityTestDiv.offsetParent === null ) {            const observer = new MutationObserver( ( mutations ) => {                mutations.forEach( ( mutation ) => {                    if ( mutation.type === 'attributes' && visibilityTestDiv.offsetParent !== null ) {                        debouncedTriggerPostRender();                        observer.disconnect();                    }                });            });            observer.observe( document.body, {                attributes: true,                childList: false,                subtree: true,                attributeFilter: [ 'style', 'class' ],            });        } else {            triggerPostRender();        }    } );} );\n<\/script>\n\t\t\t\t<\/div>\n\t\t\t\t\t\t\t\t<\/div>\n\t\t\t\t<\/div>\n\t\t\t\t\t<\/div>\n\t\t<\/div>\n\t\t\t\t\t<\/div>\n\t\t<\/section>\n\t\t\t\t<\/div>\n\t\t","protected":false},"excerpt":{"rendered":"<p>Vea El Despertar 6:7 EN DIRECTO. Inscr\u00edbete a trav\u00e9s de la p\u00e1gina del evento Despertar 6:7 y recibir\u00e1s una contrase\u00f1a para acceder a esta p\u00e1gina.<\/p>\n","protected":false},"author":1158,"featured_media":15721,"parent":0,"menu_order":0,"comment_status":"closed","ping_status":"closed","template":"elementor_theme","meta":{"_acf_changed":false,"_seopress_robots_primary_cat":"","_seopress_titles_title":"","_seopress_titles_desc":"","_seopress_robots_index":"","inline_featured_image":false,"footnotes":""},"access_level":[],"class_list":["post-60892","page","type-page","status-publish","has-post-thumbnail","hentry"],"acf":[],"_links":{"self":[{"href":"https:\/\/64fellowship.com\/es\/wp-json\/wp\/v2\/pages\/60892","targetHints":{"allow":["GET"]}}],"collection":[{"href":"https:\/\/64fellowship.com\/es\/wp-json\/wp\/v2\/pages"}],"about":[{"href":"https:\/\/64fellowship.com\/es\/wp-json\/wp\/v2\/types\/page"}],"author":[{"embeddable":true,"href":"https:\/\/64fellowship.com\/es\/wp-json\/wp\/v2\/users\/1158"}],"replies":[{"embeddable":true,"href":"https:\/\/64fellowship.com\/es\/wp-json\/wp\/v2\/comments?post=60892"}],"version-history":[{"count":0,"href":"https:\/\/64fellowship.com\/es\/wp-json\/wp\/v2\/pages\/60892\/revisions"}],"wp:featuredmedia":[{"embeddable":true,"href":"https:\/\/64fellowship.com\/es\/wp-json\/wp\/v2\/media\/15721"}],"wp:attachment":[{"href":"https:\/\/64fellowship.com\/es\/wp-json\/wp\/v2\/media?parent=60892"}],"wp:term":[{"taxonomy":"access_level","embeddable":true,"href":"https:\/\/64fellowship.com\/es\/wp-json\/wp\/v2\/access_level?post=60892"}],"curies":[{"name":"wp","href":"https:\/\/api.w.org\/{rel}","templated":true}]}}